{"id":506,"date":"2025-11-25T12:49:38","date_gmt":"2025-11-25T09:49:38","guid":{"rendered":"https:\/\/demo.falezas.com\/?page_id=506"},"modified":"2025-12-09T16:22:21","modified_gmt":"2025-12-09T13:22:21","slug":"iletisim","status":"publish","type":"page","link":"https:\/\/demo.falezas.com\/index.php\/iletisim\/","title":{"rendered":"\u0130leti\u015fim"},"content":{"rendered":"\t\t<div data-elementor-type=\"wp-page\" data-elementor-id=\"506\" class=\"elementor elementor-506\" data-elementor-post-type=\"page\">\n\t\t\t\t<div class=\"elementor-element elementor-element-76b52626 e-flex e-con-boxed e-con e-parent\" data-id=\"76b52626\" data-element_type=\"container\">\n\t\t\t\t\t<div class=\"e-con-inner\">\n\t\t\t\t<div class=\"elementor-element elementor-element-f7b22cc elementor-widget elementor-widget-heading\" data-id=\"f7b22cc\" data-element_type=\"widget\" data-widget_type=\"heading.default\">\n\t\t\t\t\t<h2 class=\"elementor-heading-title elementor-size-default\">\u0130leti\u015fim<\/h2>\t\t\t\t<\/div>\n\t\t\t\t<div class=\"elementor-element elementor-element-692639b elementor-widget-divider--view-line elementor-widget elementor-widget-divider\" data-id=\"692639b\" data-element_type=\"widget\" data-widget_type=\"divider.default\">\n\t\t\t\t\t\t\t<div class=\"elementor-divider\">\n\t\t\t<span class=\"elementor-divider-separator\">\n\t\t\t\t\t\t<\/span>\n\t\t<\/div>\n\t\t\t\t\t\t<\/div>\n\t\t<div class=\"elementor-element elementor-element-58d6bb2 e-con-full e-flex e-con e-child\" data-id=\"58d6bb2\" data-element_type=\"container\">\n\t\t\t\t<div class=\"elementor-element elementor-element-63ad645 elementor-widget__width-initial elementor-widget elementor-widget-google_maps\" data-id=\"63ad645\" data-element_type=\"widget\" data-widget_type=\"google_maps.default\">\n\t\t\t\t\t\t\t<div class=\"elementor-custom-embed\">\n\t\t\t<iframe loading=\"lazy\"\n\t\t\t\t\tsrc=\"https:\/\/maps.google.com\/maps?q=K%C4%B1rcami%20Mah.%20Perge%20Bulvar%C4%B1%20%C5%9Eerife%20Kahraman%20%C4%B0%C5%9F%20Merkezi%20A%20Blok%2075%2F301%20Muratpa%C5%9Fa%2FANTALYA&#038;t=m&#038;z=10&#038;output=embed&#038;iwloc=near\"\n\t\t\t\t\ttitle=\"K\u0131rcami Mah. Perge Bulvar\u0131 \u015eerife Kahraman \u0130\u015f Merkezi A Blok 75\/301 Muratpa\u015fa\/ANTALYA\"\n\t\t\t\t\taria-label=\"K\u0131rcami Mah. Perge Bulvar\u0131 \u015eerife Kahraman \u0130\u015f Merkezi A Blok 75\/301 Muratpa\u015fa\/ANTALYA\"\n\t\t\t><\/iframe>\n\t\t<\/div>\n\t\t\t\t\t\t<\/div>\n\t\t\t\t<\/div>\n\t\t<div class=\"elementor-element elementor-element-b2d7dbe e-con-full e-flex e-con e-child\" data-id=\"b2d7dbe\" data-element_type=\"container\">\n\t\t<div class=\"elementor-element elementor-element-fb6e13c e-con-full e-flex e-con e-child\" data-id=\"fb6e13c\" data-element_type=\"container\">\n\t\t\t\t<div class=\"elementor-element elementor-element-c5181bd elementor-widget elementor-widget-html\" data-id=\"c5181bd\" data-element_type=\"widget\" data-widget_type=\"html.default\">\n\t\t\t\t\t<div style=\"\n    height: 336px;\n    padding:22px 26px;\n    background:#fafafa;\n    border-radius:10px;\n    box-shadow:0 0 12px rgba(0,0,0,0.05);\n    border:1px solid #e6e6e6;\n    font-family:Arial, sans-serif;\n    line-height:1.6;\n\">\n\n    <h2 style=\"margin-top:0; font-size:22px; font-weight:700; color:#222;\">\n        Falez A.\u015e\n    <\/h2>\n\n    <div style=\"margin-bottom:14px; color:#444;\">\n        K\u0131rcami Mah. Perge Bulvar\u0131<br>\n        \u015eerife Kahraman \u0130\u015f Merkezi A Blok 75\/301<br>\n        Muratpa\u015fa \/ ANTALYA\n    <\/div>\n\n    <div style=\"margin-bottom:10px;\">\n        <strong>T:<\/strong>\n        <a href=\"tel:+902423219094\" style=\"color:#d67b2b; text-decoration:none;\">\n            (0242) 321 90 94\n        <\/a>\n    <\/div>\n\n    <div style=\"margin-bottom:10px;\">\n        <strong>F:<\/strong>\n        <a href=\"tel:+902423219099\" style=\"color:#d67b2b; text-decoration:none;\">\n            (0242) 321 90 99\n        <\/a>\n    <\/div>\n\n    <div style=\"margin-bottom:16px;\">\n        <strong>E:<\/strong>\n        <a href=\"mailto:info@falezas.com\" style=\"color:#d67b2b; text-decoration:none;\">\n            info@falezas.com\n        <\/a>\n    <\/div>\n\n<\/div>\t\t\t\t<\/div>\n\t\t\t\t<\/div>\n\t\t<div class=\"elementor-element elementor-element-1d95768 e-con-full e-flex e-con e-child\" data-id=\"1d95768\" data-element_type=\"container\">\n\t\t\t\t<div class=\"elementor-element elementor-element-29e1114 elementor-widget__width-initial elementor-widget-mobile__width-initial elementor-button-align-stretch elementor-widget elementor-widget-form\" data-id=\"29e1114\" data-element_type=\"widget\" data-settings=\"{&quot;step_next_label&quot;:&quot;Next&quot;,&quot;step_previous_label&quot;:&quot;Previous&quot;,&quot;button_width&quot;:&quot;100&quot;,&quot;step_type&quot;:&quot;number_text&quot;,&quot;step_icon_shape&quot;:&quot;circle&quot;}\" data-widget_type=\"form.default\">\n\t\t\t\t\t\t\t<form class=\"elementor-form\" method=\"post\" name=\"New Form\" aria-label=\"New Form\">\n\t\t\t<input type=\"hidden\" name=\"post_id\" value=\"506\"\/>\n\t\t\t<input type=\"hidden\" name=\"form_id\" value=\"29e1114\"\/>\n\t\t\t<input type=\"hidden\" name=\"referer_title\" value=\"\u0130leti\u015fim\" \/>\n\n\t\t\t\t\t\t\t<input type=\"hidden\" name=\"queried_id\" value=\"506\"\/>\n\t\t\t\n\t\t\t<div class=\"elementor-form-fields-wrapper elementor-labels-above\">\n\t\t\t\t\t\t\t\t<div class=\"elementor-field-type-text elementor-field-group elementor-column elementor-field-group-name elementor-col-100\">\n\t\t\t\t\t\t\t\t\t\t\t\t<label for=\"form-field-name\" class=\"elementor-field-label\">\n\t\t\t\t\t\t\t\t\u0130sim\t\t\t\t\t\t\t<\/label>\n\t\t\t\t\t\t\t\t\t\t\t\t\t\t<input size=\"1\" type=\"text\" name=\"form_fields[name]\" id=\"form-field-name\" class=\"elementor-field elementor-size-sm  elementor-field-textual\" placeholder=\"\u0130sim\">\n\t\t\t\t\t\t\t\t\t\t\t<\/div>\n\t\t\t\t\t\t\t\t<div class=\"elementor-field-type-email elementor-field-group elementor-column elementor-field-group-email elementor-col-100 elementor-field-required\">\n\t\t\t\t\t\t\t\t\t\t\t\t<label for=\"form-field-email\" class=\"elementor-field-label\">\n\t\t\t\t\t\t\t\tEmail\t\t\t\t\t\t\t<\/label>\n\t\t\t\t\t\t\t\t\t\t\t\t\t\t<input size=\"1\" type=\"email\" name=\"form_fields[email]\" id=\"form-field-email\" class=\"elementor-field elementor-size-sm  elementor-field-textual\" placeholder=\"Email\" required=\"required\">\n\t\t\t\t\t\t\t\t\t\t\t<\/div>\n\t\t\t\t\t\t\t\t<div class=\"elementor-field-type-textarea elementor-field-group elementor-column elementor-field-group-message elementor-col-100\">\n\t\t\t\t\t\t\t\t\t\t\t\t<label for=\"form-field-message\" class=\"elementor-field-label\">\n\t\t\t\t\t\t\t\tMesaj\t\t\t\t\t\t\t<\/label>\n\t\t\t\t\t\t<textarea class=\"elementor-field-textual elementor-field  elementor-size-sm\" name=\"form_fields[message]\" id=\"form-field-message\" rows=\"4\" placeholder=\"Mesaj\"><\/textarea>\t\t\t\t<\/div>\n\t\t\t\t\t\t\t\t<div class=\"elementor-field-group elementor-column elementor-field-type-submit elementor-col-100 e-form__buttons\">\n\t\t\t\t\t<button class=\"elementor-button elementor-size-sm\" type=\"submit\">\n\t\t\t\t\t\t<span class=\"elementor-button-content-wrapper\">\n\t\t\t\t\t\t\t\t\t\t\t\t\t\t\t\t\t\t\t\t\t\t<span class=\"elementor-button-text\">G\u00f6nder<\/span>\n\t\t\t\t\t\t\t\t\t\t\t\t\t<\/span>\n\t\t\t\t\t<\/button>\n\t\t\t\t<\/div>\n\t\t\t<\/div>\n\t\t<\/form>\n\t\t\t\t\t\t<\/div>\n\t\t\t\t<\/div>\n\t\t\t\t<\/div>\n\t\t\t\t\t<\/div>\n\t\t\t\t<\/div>\n\t\t\t\t<\/div>\n\t\t","protected":false},"excerpt":{"rendered":"<p>\u0130leti\u015fim Falez A.\u015e K\u0131rcami Mah. Perge Bulvar\u0131 \u015eerife Kahraman \u0130\u015f Merkezi A Blok 75\/301 Muratpa\u015fa \/ ANTALYA T: (0242) 321 90 94 F: (0242) 321 90 99 E: info@falezas.com<\/p>\n","protected":false},"author":1,"featured_media":48,"parent":0,"menu_order":0,"comment_status":"closed","ping_status":"closed","template":"elementor_header_footer","meta":{"footnotes":""},"class_list":["post-506","page","type-page","status-publish","has-post-thumbnail","hentry"],"_links":{"self":[{"href":"https:\/\/demo.falezas.com\/index.php\/wp-json\/wp\/v2\/pages\/506","targetHints":{"allow":["GET"]}}],"collection":[{"href":"https:\/\/demo.falezas.com\/index.php\/wp-json\/wp\/v2\/pages"}],"about":[{"href":"https:\/\/demo.falezas.com\/index.php\/wp-json\/wp\/v2\/types\/page"}],"author":[{"embeddable":true,"href":"https:\/\/demo.falezas.com\/index.php\/wp-json\/wp\/v2\/users\/1"}],"replies":[{"embeddable":true,"href":"https:\/\/demo.falezas.com\/index.php\/wp-json\/wp\/v2\/comments?post=506"}],"version-history":[{"count":121,"href":"https:\/\/demo.falezas.com\/index.php\/wp-json\/wp\/v2\/pages\/506\/revisions"}],"predecessor-version":[{"id":1480,"href":"https:\/\/demo.falezas.com\/index.php\/wp-json\/wp\/v2\/pages\/506\/revisions\/1480"}],"wp:featuredmedia":[{"embeddable":true,"href":"https:\/\/demo.falezas.com\/index.php\/wp-json\/wp\/v2\/media\/48"}],"wp:attachment":[{"href":"https:\/\/demo.falezas.com\/index.php\/wp-json\/wp\/v2\/media?parent=506"}],"curies":[{"name":"wp","href":"https:\/\/api.w.org\/{rel}","templated":true}]}}