{"id":43,"date":"2025-11-24T10:15:00","date_gmt":"2025-11-24T07:15:00","guid":{"rendered":"https:\/\/demo.falezas.com\/index.php\/home\/"},"modified":"2025-12-09T11:51:17","modified_gmt":"2025-12-09T08:51:17","slug":"home","status":"publish","type":"page","link":"https:\/\/demo.falezas.com\/","title":{"rendered":"Home"},"content":{"rendered":"\t\t<div data-elementor-type=\"wp-page\" data-elementor-id=\"43\" class=\"elementor elementor-43\" data-elementor-post-type=\"page\">\n\t\t\t\t<div class=\"elementor-element elementor-element-d5cfde3 e-con-full e-flex e-con e-parent\" data-id=\"d5cfde3\" data-element_type=\"container\" data-settings=\"{&quot;background_background&quot;:&quot;classic&quot;}\">\n\t\t\t\t<div class=\"elementor-element elementor-element-863880b elementor-pagination-position-outside elementor-widget elementor-widget-image-carousel\" data-id=\"863880b\" data-element_type=\"widget\" data-settings=\"{&quot;slides_to_show&quot;:&quot;1&quot;,&quot;navigation&quot;:&quot;dots&quot;,&quot;autoplay&quot;:&quot;yes&quot;,&quot;pause_on_hover&quot;:&quot;yes&quot;,&quot;pause_on_interaction&quot;:&quot;yes&quot;,&quot;autoplay_speed&quot;:5000,&quot;infinite&quot;:&quot;yes&quot;,&quot;effect&quot;:&quot;slide&quot;,&quot;speed&quot;:500}\" data-widget_type=\"image-carousel.default\">\n\t\t\t\t\t\t\t<div class=\"elementor-image-carousel-wrapper swiper\" role=\"region\" aria-roledescription=\"carousel\" aria-label=\"Resim D\u00f6ng\u00fcs\u00fc\" dir=\"ltr\">\n\t\t\t<div class=\"elementor-image-carousel swiper-wrapper swiper-image-stretch\" aria-live=\"off\">\n\t\t\t\t\t\t\t\t<div class=\"swiper-slide\" role=\"group\" aria-roledescription=\"slide\" aria-label=\"1 \/ 3\"><figure class=\"swiper-slide-inner\"><img decoding=\"async\" class=\"swiper-slide-image\" src=\"https:\/\/demo.falezas.com\/wp-content\/uploads\/2025\/12\/slider-4.jpeg\" alt=\"slider-4\" \/><\/figure><\/div><div class=\"swiper-slide\" role=\"group\" aria-roledescription=\"slide\" aria-label=\"2 \/ 3\"><figure class=\"swiper-slide-inner\"><img decoding=\"async\" class=\"swiper-slide-image\" src=\"https:\/\/demo.falezas.com\/wp-content\/uploads\/2025\/12\/slider-3.jpeg\" alt=\"slider-3\" \/><\/figure><\/div><div class=\"swiper-slide\" role=\"group\" aria-roledescription=\"slide\" aria-label=\"3 \/ 3\"><figure class=\"swiper-slide-inner\"><img decoding=\"async\" class=\"swiper-slide-image\" src=\"https:\/\/demo.falezas.com\/wp-content\/uploads\/2025\/12\/slider-5.jpeg\" alt=\"slider-5\" \/><\/figure><\/div>\t\t\t<\/div>\n\t\t\t\t\t\t\t\n\t\t\t\t\t\t\t\t\t<div class=\"swiper-pagination\"><\/div>\n\t\t\t\t\t\t\t\t\t<\/div>\n\t\t\t\t\t\t<\/div>\n\t\t\t\t<\/div>\n\t\t<div class=\"elementor-element elementor-element-571b345 e-con-full e-flex e-con e-child\" data-id=\"571b345\" data-element_type=\"container\">\n\t\t\t\t<div class=\"elementor-element elementor-element-d5c3029 elementor-pagination-type-bullets elementor-pagination-position-outside elementor-widget elementor-widget-n-carousel\" data-id=\"d5c3029\" data-element_type=\"widget\" data-settings=\"{&quot;carousel_items&quot;:[{&quot;slide_title&quot;:&quot;Slide #1&quot;,&quot;_id&quot;:&quot;cbd14b6&quot;},{&quot;slide_title&quot;:&quot;Slide #2&quot;,&quot;_id&quot;:&quot;b42de07&quot;},{&quot;slide_title&quot;:&quot;Slide #3&quot;,&quot;_id&quot;:&quot;10ba1d7&quot;},{&quot;_id&quot;:&quot;2dd23fd&quot;,&quot;slide_title&quot;:&quot;Slide #4&quot;}],&quot;slides_to_show&quot;:&quot;4&quot;,&quot;image_spacing_custom&quot;:{&quot;unit&quot;:&quot;px&quot;,&quot;size&quot;:30,&quot;sizes&quot;:[]},&quot;autoplay_speed&quot;:4000,&quot;speed&quot;:420,&quot;slides_to_show_tablet&quot;:&quot;2&quot;,&quot;slides_to_show_mobile&quot;:&quot;1&quot;,&quot;autoplay&quot;:&quot;yes&quot;,&quot;pause_on_interaction&quot;:&quot;yes&quot;,&quot;pagination&quot;:&quot;bullets&quot;,&quot;image_spacing_custom_tablet&quot;:{&quot;unit&quot;:&quot;px&quot;,&quot;size&quot;:&quot;&quot;,&quot;sizes&quot;:[]},&quot;image_spacing_custom_mobile&quot;:{&quot;unit&quot;:&quot;px&quot;,&quot;size&quot;:&quot;&quot;,&quot;sizes&quot;:[]}}\" data-widget_type=\"nested-carousel.default\">\n\t\t\t\t\t\t\t<div class=\"e-n-carousel swiper\" role=\"region\" aria-roledescription=\"carousel\" aria-label=\"Carousel\" dir=\"ltr\">\n\t\t\t<div class=\"swiper-wrapper\" aria-live=\"off\">\n\t\t\t\t\t\t\t\t\t\t<div class=\"swiper-slide\" data-slide=\"1\" role=\"group\" aria-roledescription=\"slide\" aria-label=\"1 of 4\">\n\t\t\t\t\t\t\t<div class=\"elementor-element elementor-element-2c8e4b2 e-con-full e-flex e-con e-child\" data-id=\"2c8e4b2\" data-element_type=\"container\">\n\t\t<div class=\"elementor-element elementor-element-35dc130 e-con-full e-flex e-con e-child\" data-id=\"35dc130\" data-element_type=\"container\">\n\t\t\t\t<div class=\"elementor-element elementor-element-3e57808 elementor-widget-tablet__width-initial elementor-widget-mobile__width-inherit elementor-widget__width-initial elementor-position-top elementor-widget elementor-widget-image-box\" data-id=\"3e57808\" data-element_type=\"widget\" data-widget_type=\"image-box.default\">\n\t\t\t\t\t<div class=\"elementor-image-box-wrapper\"><figure class=\"elementor-image-box-img\"><a href=\"https:\/\/demo.falezas.com\/index.php\/daidai-tur\/\" tabindex=\"-1\"><img fetchpriority=\"high\" decoding=\"async\" width=\"1536\" height=\"921\" src=\"https:\/\/demo.falezas.com\/wp-content\/uploads\/2025\/11\/3d-icon-traveling-vacation-scaled-e1763973223816-1536x921.jpg\" class=\"elementor-animation-grow attachment-1536x1536 size-1536x1536 wp-image-120\" alt=\"\" \/><\/a><\/figure><div class=\"elementor-image-box-content\"><h4 class=\"elementor-image-box-title\"><a href=\"https:\/\/demo.falezas.com\/index.php\/daidai-tur\/\">DA\u0130DA\u0130 TUR<\/a><\/h4><p class=\"elementor-image-box-description\">Herkes tatil yapabilsin diye dahil olduk bu ser\u00fcvene, demek istedik ki d\u00fcnya muratpa\u015fa\u2019da muratpa\u015fa her yerde olsun.<\/p><\/div><\/div>\t\t\t\t<\/div>\n\t\t\t\t<\/div>\n\t\t\t\t<div class=\"elementor-element elementor-element-47b28ee elementor-mobile-align-center elementor-tablet-align-center elementor-invisible elementor-widget elementor-widget-button\" data-id=\"47b28ee\" data-element_type=\"widget\" data-settings=\"{&quot;_animation&quot;:&quot;fadeIn&quot;}\" data-widget_type=\"button.default\">\n\t\t\t\t\t\t\t\t\t\t<a class=\"elementor-button elementor-button-link elementor-size-sm\" href=\"https:\/\/demo.falezas.com\/index.php\/daidai-tur\/\">\n\t\t\t\t\t\t<span class=\"elementor-button-content-wrapper\">\n\t\t\t\t\t\t\t\t\t<span class=\"elementor-button-text\">\u0130ncele<\/span>\n\t\t\t\t\t<\/span>\n\t\t\t\t\t<\/a>\n\t\t\t\t\t\t\t\t<\/div>\n\t\t\t\t<\/div>\n\t\t\t\t\t\t\t\t<\/div>\n\t\t\t\t\t\t\t\t\t\t\t<div class=\"swiper-slide\" data-slide=\"2\" role=\"group\" aria-roledescription=\"slide\" aria-label=\"2 of 4\">\n\t\t\t\t\t\t\t<div class=\"elementor-element elementor-element-bbef8a3 e-flex e-con-boxed e-con e-child\" data-id=\"bbef8a3\" data-element_type=\"container\">\n\t\t\t\t\t<div class=\"e-con-inner\">\n\t\t<div class=\"elementor-element elementor-element-ce6f566 e-con-full e-flex e-con e-child\" data-id=\"ce6f566\" data-element_type=\"container\">\n\t\t\t\t<div class=\"elementor-element elementor-element-9278c72 elementor-widget-tablet__width-initial elementor-widget-mobile__width-inherit elementor-widget__width-initial elementor-position-top elementor-widget elementor-widget-image-box\" data-id=\"9278c72\" data-element_type=\"widget\" data-widget_type=\"image-box.default\">\n\t\t\t\t\t<div class=\"elementor-image-box-wrapper\"><figure class=\"elementor-image-box-img\"><a href=\"https:\/\/demo.falezas.com\/index.php\/komsu-kart-projesi\/\" tabindex=\"-1\"><img decoding=\"async\" width=\"1100\" height=\"733\" src=\"https:\/\/demo.falezas.com\/wp-content\/uploads\/2025\/11\/141784014_4257665134250365_2286245974144217614_n-e1763977178852.jpg\" class=\"elementor-animation-grow attachment-1536x1536 size-1536x1536 wp-image-159\" alt=\"\" srcset=\"https:\/\/demo.falezas.com\/wp-content\/uploads\/2025\/11\/141784014_4257665134250365_2286245974144217614_n-e1763977178852.jpg 1100w, https:\/\/demo.falezas.com\/wp-content\/uploads\/2025\/11\/141784014_4257665134250365_2286245974144217614_n-e1763977178852-300x200.jpg 300w, https:\/\/demo.falezas.com\/wp-content\/uploads\/2025\/11\/141784014_4257665134250365_2286245974144217614_n-e1763977178852-1024x682.jpg 1024w, https:\/\/demo.falezas.com\/wp-content\/uploads\/2025\/11\/141784014_4257665134250365_2286245974144217614_n-e1763977178852-768x512.jpg 768w\" sizes=\"(max-width: 1100px) 100vw, 1100px\" \/><\/a><\/figure><div class=\"elementor-image-box-content\"><h4 class=\"elementor-image-box-title\"><a href=\"https:\/\/demo.falezas.com\/index.php\/komsu-kart-projesi\/\">KOM\u015eU KART PROJES\u0130<\/a><\/h4><p class=\"elementor-image-box-description\">Muratpa\u015fa Belediyesi ve Falez A.\u015e. olarak at\u0131k ayr\u0131\u015ft\u0131rmada da yeni bir d\u00f6nem ba\u015flat\u0131yoruz. Atma biriktir kazanal\u0131m.\n\n<\/p><\/div><\/div>\t\t\t\t<\/div>\n\t\t\t\t<\/div>\n\t\t\t\t<div class=\"elementor-element elementor-element-277d03c elementor-mobile-align-center elementor-tablet-align-center elementor-invisible elementor-widget elementor-widget-button\" data-id=\"277d03c\" data-element_type=\"widget\" data-settings=\"{&quot;_animation&quot;:&quot;fadeIn&quot;}\" data-widget_type=\"button.default\">\n\t\t\t\t\t\t\t\t\t\t<a class=\"elementor-button elementor-button-link elementor-size-sm\" href=\"https:\/\/demo.falezas.com\/index.php\/komsu-kart-projesi\/\">\n\t\t\t\t\t\t<span class=\"elementor-button-content-wrapper\">\n\t\t\t\t\t\t\t\t\t<span class=\"elementor-button-text\">\u0130ncele<\/span>\n\t\t\t\t\t<\/span>\n\t\t\t\t\t<\/a>\n\t\t\t\t\t\t\t\t<\/div>\n\t\t\t\t\t<\/div>\n\t\t\t\t<\/div>\n\t\t\t\t\t\t\t\t<\/div>\n\t\t\t\t\t\t\t\t\t\t\t<div class=\"swiper-slide\" data-slide=\"3\" role=\"group\" aria-roledescription=\"slide\" aria-label=\"3 of 4\">\n\t\t\t\t\t\t\t<div class=\"elementor-element elementor-element-30d88a0 e-flex e-con-boxed e-con e-child\" data-id=\"30d88a0\" data-element_type=\"container\">\n\t\t\t\t\t<div class=\"e-con-inner\">\n\t\t<div class=\"elementor-element elementor-element-8bd7bab e-con-full e-flex e-con e-child\" data-id=\"8bd7bab\" data-element_type=\"container\">\n\t\t\t\t<div class=\"elementor-element elementor-element-57bc66d elementor-widget-tablet__width-initial elementor-widget-mobile__width-inherit elementor-widget__width-initial elementor-position-top elementor-widget elementor-widget-image-box\" data-id=\"57bc66d\" data-element_type=\"widget\" data-widget_type=\"image-box.default\">\n\t\t\t\t\t<div class=\"elementor-image-box-wrapper\"><figure class=\"elementor-image-box-img\"><a href=\"https:\/\/demo.falezas.com\/index.php\/bilge-cocuk-parki\/\" tabindex=\"-1\"><img decoding=\"async\" width=\"1247\" height=\"750\" src=\"https:\/\/demo.falezas.com\/wp-content\/uploads\/2025\/11\/front-view-kids-relaxing-blanket-Large-e1763976959766.jpeg\" class=\"elementor-animation-grow attachment-1536x1536 size-1536x1536 wp-image-126\" alt=\"\" \/><\/a><\/figure><div class=\"elementor-image-box-content\"><h4 class=\"elementor-image-box-title\"><a href=\"https:\/\/demo.falezas.com\/index.php\/bilge-cocuk-parki\/\">B\u0130LGE \u00c7OCUK PARKI<\/a><\/h4><p class=\"elementor-image-box-description\">Gelece\u011fe bilge g\u00fcl\u00fcmseyi\u015fler biriktiren \u00e7ocuklar hayal ediyoruz. Bug\u00fcne gelen b\u00fcy\u00fcklerin d\u00fcnlerinde bir gezinti yapmak istiyoruz.\n<\/p><\/div><\/div>\t\t\t\t<\/div>\n\t\t\t\t<\/div>\n\t\t\t\t<div class=\"elementor-element elementor-element-5569651 elementor-mobile-align-center elementor-tablet-align-center elementor-invisible elementor-widget elementor-widget-button\" data-id=\"5569651\" data-element_type=\"widget\" data-settings=\"{&quot;_animation&quot;:&quot;fadeIn&quot;}\" data-widget_type=\"button.default\">\n\t\t\t\t\t\t\t\t\t\t<a class=\"elementor-button elementor-button-link elementor-size-sm\" href=\"https:\/\/demo.falezas.com\/index.php\/bilge-cocuk-parki\/\">\n\t\t\t\t\t\t<span class=\"elementor-button-content-wrapper\">\n\t\t\t\t\t\t\t\t\t<span class=\"elementor-button-text\">\u0130ncele<\/span>\n\t\t\t\t\t<\/span>\n\t\t\t\t\t<\/a>\n\t\t\t\t\t\t\t\t<\/div>\n\t\t\t\t\t<\/div>\n\t\t\t\t<\/div>\n\t\t\t\t\t\t\t\t<\/div>\n\t\t\t\t\t\t\t\t\t\t\t<div class=\"swiper-slide\" data-slide=\"4\" role=\"group\" aria-roledescription=\"slide\" aria-label=\"4 of 4\">\n\t\t\t\t\t\t\t<div class=\"elementor-element elementor-element-310d713 e-flex e-con-boxed e-con e-child\" data-id=\"310d713\" data-element_type=\"container\">\n\t\t\t\t\t<div class=\"e-con-inner\">\n\t\t<div class=\"elementor-element elementor-element-56f1dbc e-con-full e-flex e-con e-child\" data-id=\"56f1dbc\" data-element_type=\"container\">\n\t\t\t\t<div class=\"elementor-element elementor-element-61afb42 elementor-widget-tablet__width-initial elementor-widget-mobile__width-inherit elementor-widget__width-initial elementor-position-top elementor-widget elementor-widget-image-box\" data-id=\"61afb42\" data-element_type=\"widget\" data-widget_type=\"image-box.default\">\n\t\t\t\t\t<div class=\"elementor-image-box-wrapper\"><figure class=\"elementor-image-box-img\"><a href=\"https:\/\/demo.falezas.com\/index.php\/uluslararasi-kaleici-old-town-festivali\/\" tabindex=\"-1\"><img loading=\"lazy\" decoding=\"async\" width=\"1030\" height=\"622\" src=\"https:\/\/demo.falezas.com\/wp-content\/uploads\/2025\/11\/Kaleici-Festival.png\" class=\"elementor-animation-grow attachment-1536x1536 size-1536x1536 wp-image-231\" alt=\"\" srcset=\"https:\/\/demo.falezas.com\/wp-content\/uploads\/2025\/11\/Kaleici-Festival.png 1030w, https:\/\/demo.falezas.com\/wp-content\/uploads\/2025\/11\/Kaleici-Festival-300x181.png 300w, https:\/\/demo.falezas.com\/wp-content\/uploads\/2025\/11\/Kaleici-Festival-1024x618.png 1024w, https:\/\/demo.falezas.com\/wp-content\/uploads\/2025\/11\/Kaleici-Festival-768x464.png 768w\" sizes=\"(max-width: 1030px) 100vw, 1030px\" \/><\/a><\/figure><div class=\"elementor-image-box-content\"><h4 class=\"elementor-image-box-title\"><a href=\"https:\/\/demo.falezas.com\/index.php\/uluslararasi-kaleici-old-town-festivali\/\">ULUSLARARASI KALE\u0130\u00c7\u0130 OLD TOWN FEST\u0130VAL\u0130<\/a><\/h4><p class=\"elementor-image-box-description\">Antalya Kalei\u00e7in\u00b4de ya\u015fanacak heyecan\u0131n ad\u0131: 04-08 May\u0131s 2016\n<\/p><\/div><\/div>\t\t\t\t<\/div>\n\t\t\t\t<\/div>\n\t\t\t\t<div class=\"elementor-element elementor-element-ad5a094 elementor-mobile-align-center elementor-tablet-align-center elementor-invisible elementor-widget elementor-widget-button\" data-id=\"ad5a094\" data-element_type=\"widget\" data-settings=\"{&quot;_animation&quot;:&quot;fadeIn&quot;}\" data-widget_type=\"button.default\">\n\t\t\t\t\t\t\t\t\t\t<a class=\"elementor-button elementor-button-link elementor-size-sm\" href=\"https:\/\/demo.falezas.com\/index.php\/uluslararasi-kaleici-old-town-festivali\/\">\n\t\t\t\t\t\t<span class=\"elementor-button-content-wrapper\">\n\t\t\t\t\t\t\t\t\t<span class=\"elementor-button-text\">\u0130ncele<\/span>\n\t\t\t\t\t<\/span>\n\t\t\t\t\t<\/a>\n\t\t\t\t\t\t\t\t<\/div>\n\t\t\t\t\t<\/div>\n\t\t\t\t<\/div>\n\t\t\t\t\t\t\t\t<\/div>\n\t\t\t\t\t\t\t\t<\/div>\n\t\t<\/div>\n\t\t\t\t\t<div class=\"swiper-pagination\"><\/div>\n\t\t\t\t\t\t<\/div>\n\t\t\t\t<\/div>\n\t\t<div class=\"elementor-element elementor-element-4c3cac6b e-flex e-con-boxed e-con e-parent\" data-id=\"4c3cac6b\" data-element_type=\"container\">\n\t\t\t\t\t<div class=\"e-con-inner\">\n\t\t<div class=\"elementor-element elementor-element-34530233 e-con-full e-flex e-con e-child\" data-id=\"34530233\" data-element_type=\"container\" data-settings=\"{&quot;background_background&quot;:&quot;classic&quot;}\">\n\t\t\t\t<\/div>\n\t\t<div class=\"elementor-element elementor-element-38737bf9 e-con-full elementor-hidden-mobile e-flex e-con e-child\" data-id=\"38737bf9\" data-element_type=\"container\">\n\t\t\t\t<div class=\"elementor-element elementor-element-4fa4a666 elementor-widget elementor-widget-heading\" data-id=\"4fa4a666\" data-element_type=\"widget\" data-widget_type=\"heading.default\">\n\t\t\t\t\t<h2 class=\"elementor-heading-title elementor-size-default\">\u00d6NCE \u0130NSAN, \u00d6NCE DO\u011eA<\/h2>\t\t\t\t<\/div>\n\t\t\t\t<div class=\"elementor-element elementor-element-3e691c69 elementor-widget elementor-widget-text-editor\" data-id=\"3e691c69\" data-element_type=\"widget\" data-widget_type=\"text-editor.default\">\n\t\t\t\t\t\t\t\t\t<p>Demokrasinin ye\u015ferdi\u011fi, kent gelece\u011finin kurguland\u0131\u011f\u0131, insan ya\u015fam standart\u0131n\u0131n y\u00fckseltilmesi i\u00e7in \u00e7al\u0131\u015fan en \u00f6nemli yap\u0131d\u0131r.<\/p>\t\t\t\t\t\t\t\t<\/div>\n\t\t\t\t<div class=\"elementor-element elementor-element-177f164e elementor-mobile-align-center elementor-tablet-align-center elementor-invisible elementor-widget elementor-widget-button\" data-id=\"177f164e\" data-element_type=\"widget\" data-settings=\"{&quot;_animation&quot;:&quot;fadeIn&quot;}\" data-widget_type=\"button.default\">\n\t\t\t\t\t\t\t\t\t\t<a class=\"elementor-button elementor-button-link elementor-size-sm\" href=\"https:\/\/demo.falezas.com\/index.php\/baskanin-mesaji\/\">\n\t\t\t\t\t\t<span class=\"elementor-button-content-wrapper\">\n\t\t\t\t\t\t\t\t\t<span class=\"elementor-button-text\">Devam\u0131n\u0131 Oku<\/span>\n\t\t\t\t\t<\/span>\n\t\t\t\t\t<\/a>\n\t\t\t\t\t\t\t\t<\/div>\n\t\t\t\t<\/div>\n\t\t\t\t\t<\/div>\n\t\t\t\t<\/div>\n\t\t<div class=\"elementor-element elementor-element-3af66c1 e-con-full elementor-hidden-desktop e-flex e-con e-child\" data-id=\"3af66c1\" data-element_type=\"container\">\n\t\t\t\t<div class=\"elementor-element elementor-element-fd41649 elementor-widget elementor-widget-heading\" data-id=\"fd41649\" data-element_type=\"widget\" data-widget_type=\"heading.default\">\n\t\t\t\t\t<h2 class=\"elementor-heading-title elementor-size-default\">\u00d6NCE \u0130NSAN, \u00d6NCE DO\u011eA<\/h2>\t\t\t\t<\/div>\n\t\t\t\t<div class=\"elementor-element elementor-element-f7fce80 elementor-widget elementor-widget-text-editor\" data-id=\"f7fce80\" data-element_type=\"widget\" data-widget_type=\"text-editor.default\">\n\t\t\t\t\t\t\t\t\t<p>Demokrasinin ye\u015ferdi\u011fi, kent gelece\u011finin kurguland\u0131\u011f\u0131, insan ya\u015fam standart\u0131n\u0131n y\u00fckseltilmesi i\u00e7in \u00e7al\u0131\u015fan en \u00f6nemli yap\u0131d\u0131r.<\/p>\t\t\t\t\t\t\t\t<\/div>\n\t\t\t\t<div class=\"elementor-element elementor-element-03a2b55 elementor-mobile-align-center elementor-tablet-align-center elementor-invisible elementor-widget elementor-widget-button\" data-id=\"03a2b55\" data-element_type=\"widget\" data-settings=\"{&quot;_animation&quot;:&quot;fadeIn&quot;}\" data-widget_type=\"button.default\">\n\t\t\t\t\t\t\t\t\t\t<a class=\"elementor-button elementor-button-link elementor-size-sm\" href=\"https:\/\/demo.falezas.com\/index.php\/baskanin-mesaji\/\">\n\t\t\t\t\t\t<span class=\"elementor-button-content-wrapper\">\n\t\t\t\t\t\t\t\t\t<span class=\"elementor-button-text\">Devam\u0131n\u0131 Oku<\/span>\n\t\t\t\t\t<\/span>\n\t\t\t\t\t<\/a>\n\t\t\t\t\t\t\t\t<\/div>\n\t\t\t\t<\/div>\n\t\t\t\t<\/div>\n\t\t","protected":false},"excerpt":{"rendered":"<p>DA\u0130DA\u0130 TUR Herkes tatil yapabilsin diye dahil olduk bu ser\u00fcvene, demek istedik ki d\u00fcnya muratpa\u015fa\u2019da muratpa\u015fa her yerde olsun. \u0130ncele KOM\u015eU KART PROJES\u0130 Muratpa\u015fa Belediyesi ve Falez A.\u015e. olarak at\u0131k ayr\u0131\u015ft\u0131rmada da yeni bir d\u00f6nem ba\u015flat\u0131yoruz. Atma biriktir kazanal\u0131m. \u0130ncele B\u0130LGE \u00c7OCUK PARKI Gelece\u011fe bilge g\u00fcl\u00fcmseyi\u015fler biriktiren \u00e7ocuklar hayal ediyoruz. Bug\u00fcne gelen b\u00fcy\u00fcklerin d\u00fcnlerinde bir [&hellip;]<\/p>\n","protected":false},"author":1,"featured_media":48,"parent":0,"menu_order":0,"comment_status":"closed","ping_status":"closed","template":"elementor_header_footer","meta":{"footnotes":""},"class_list":["post-43","page","type-page","status-publish","has-post-thumbnail","hentry"],"_links":{"self":[{"href":"https:\/\/demo.falezas.com\/index.php\/wp-json\/wp\/v2\/pages\/43","targetHints":{"allow":["GET"]}}],"collection":[{"href":"https:\/\/demo.falezas.com\/index.php\/wp-json\/wp\/v2\/pages"}],"about":[{"href":"https:\/\/demo.falezas.com\/index.php\/wp-json\/wp\/v2\/types\/page"}],"author":[{"embeddable":true,"href":"https:\/\/demo.falezas.com\/index.php\/wp-json\/wp\/v2\/users\/1"}],"replies":[{"embeddable":true,"href":"https:\/\/demo.falezas.com\/index.php\/wp-json\/wp\/v2\/comments?post=43"}],"version-history":[{"count":292,"href":"https:\/\/demo.falezas.com\/index.php\/wp-json\/wp\/v2\/pages\/43\/revisions"}],"predecessor-version":[{"id":1420,"href":"https:\/\/demo.falezas.com\/index.php\/wp-json\/wp\/v2\/pages\/43\/revisions\/1420"}],"wp:featuredmedia":[{"embeddable":true,"href":"https:\/\/demo.falezas.com\/index.php\/wp-json\/wp\/v2\/media\/48"}],"wp:attachment":[{"href":"https:\/\/demo.falezas.com\/index.php\/wp-json\/wp\/v2\/media?parent=43"}],"curies":[{"name":"wp","href":"https:\/\/api.w.org\/{rel}","templated":true}]}}