{"id":417,"date":"2025-11-25T11:30:15","date_gmt":"2025-11-25T08:30:15","guid":{"rendered":"https:\/\/demo.falezas.com\/?page_id=417"},"modified":"2025-12-09T16:21:17","modified_gmt":"2025-12-09T13:21:17","slug":"bilge-cocuk-parki","status":"publish","type":"page","link":"https:\/\/demo.falezas.com\/index.php\/bilge-cocuk-parki\/","title":{"rendered":"B\u0130LGE \u00c7OCUK PARKI"},"content":{"rendered":"\t\t<div data-elementor-type=\"wp-page\" data-elementor-id=\"417\" class=\"elementor elementor-417\" data-elementor-post-type=\"page\">\n\t\t\t\t<div class=\"elementor-element elementor-element-76b52626 e-flex e-con-boxed e-con e-parent\" data-id=\"76b52626\" data-element_type=\"container\">\n\t\t\t\t\t<div class=\"e-con-inner\">\n\t\t<div class=\"elementor-element elementor-element-b2d7dbe e-con-full e-flex e-con e-child\" data-id=\"b2d7dbe\" data-element_type=\"container\">\n\t\t\t\t<div class=\"elementor-element elementor-element-26bc025 elementor-hidden-mobile elementor-widget elementor-widget-sidebar\" data-id=\"26bc025\" data-element_type=\"widget\" data-widget_type=\"sidebar.default\">\n\t\t\t\t\t<div class=\"widget\"><div style=\"\n    width:100%;\n    background:#ffffff;\n    padding:20px 28px;\n    border-radius:2px;\n    border-right:1px solid #ddd;\n    border-bottom:0;\n    font-family:Arial, sans-serif;\n    font-size:15px;\n    line-height:1.6;\n    color:#000;\n\">\n\n    <!-- ANASAYFA -->\n    <div style=\"margin-bottom:14px;\">\n        <div style=\"font-weight:bold; margin-bottom:6px;\">\n            \u25b8 <a href=\"https:\/\/demo.falezas.com\/\" style=\"text-decoration:none; color:#000;\">\n                ANASAYFA\n            <\/a>\n        <\/div>\n    <\/div>\n\n    <!-- KURUMSAL -->\n    <div style=\"margin-bottom:14px;\">\n        <div style=\"font-weight:bold; margin-bottom:6px;\">\n            \u25b8 KURUMSAL\n        <\/div>\n\n        <div style=\"margin-left:18px; margin-top:4px;\">\n\n            <div style=\"margin:6px 0;\">\n                <a href=\"https:\/\/demo.falezas.com\/index.php\/baskanin-mesaji\/\"\n                   style=\"color:#000; text-decoration:none; font-size:14px;\">\n                    \u2022 BA\u015eKANIN MESAJI\n                <\/a>\n            <\/div>\n\n            <div style=\"margin:6px 0;\">\n                <a href=\"https:\/\/demo.falezas.com\/index.php\/misyonumuz-ve-vizyonumuz\/\"\n                   style=\"color:#000; text-decoration:none; font-size:14px;\">\n                    \u2022 M\u0130SYONUMUZ, V\u0130ZYONUMUZ\n                <\/a>\n            <\/div>\n\n        <\/div>\n    <\/div>\n\n    <!-- TURLAR -->\n    <div style=\"margin-bottom:14px;\">\n        <div style=\"font-weight:bold; margin-bottom:6px;\">\n            \u25b8 <a href=\"https:\/\/demo.falezas.com\/index.php\/turlar\/\"\n                 style=\"text-decoration:none; color:#000;\">\n                TURLAR\n            <\/a>\n        <\/div>\n    <\/div>\n\n    <!-- H\u0130ZMETLER\u0130M\u0130Z -->\n    <div style=\"margin-bottom:14px;\">\n        <div style=\"font-weight:bold; color:#f28c28; margin-bottom:6px;\">\n            \u25b8 H\u0130ZMETLER\u0130M\u0130Z\n        <\/div>\n\n        <div style=\"margin-left:18px; margin-top:4px;\">\n\n            <div style=\"margin:6px 0;\">\n                <a href=\"https:\/\/demo.falezas.com\/index.php\/daidai-tur\/\"\n                   style=\"color:#000; text-decoration:none; font-size:14px;\">\n                    \u2022 DA\u0130DA\u0130 TUR\n                <\/a>\n            <\/div>\n\n            <div style=\"margin:6px 0;\">\n                <a href=\"https:\/\/demo.falezas.com\/index.php\/komsu-kart-projesi\/\"\n                   style=\"color:#000; text-decoration:none; font-size:14px;\">\n                    \u2022 KOM\u015eU KART PROJES\u0130\n                <\/a>\n            <\/div>\n\n            <!-- SE\u00c7\u0130L\u0130 OLAN \u2014 B\u0130LGE \u00c7OCUK PARKI -->\n            <div style=\"margin:6px 0;\">\n                <a href=\"https:\/\/demo.falezas.com\/index.php\/bilge-cocuk-parki\/\"\n                   style=\"color:#f28c28; font-weight:bold; text-decoration:none; font-size:14px;\">\n                    \u2022 B\u0130LGE \u00c7OCUK PARKI\n                <\/a>\n            <\/div>\n\n            <div style=\"margin:6px 0;\">\n                <a href=\"https:\/\/demo.falezas.com\/index.php\/uluslararasi-kaleici-old-town-festivali\/\"\n                   style=\"color:#000; text-decoration:none; font-size:14px;\">\n                    \u2022 ULUSLARARASI KALE\u0130\u00c7\u0130 OLD TOWN FEST\u0130VAL\u0130\n                <\/a>\n            <\/div>\n\n        <\/div>\n    <\/div>\n\n    <!-- FOTO GALER\u0130 -->\n    <div style=\"margin-bottom:14px;\">\n        <div style=\"font-weight:bold; margin-bottom:6px;\">\n            \u25b8 <a href=\"https:\/\/demo.falezas.com\/index.php\/foto-galeri\/\"\n                 style=\"text-decoration:none; color:#000;\">\n                FOTO GALER\u0130\n            <\/a>\n        <\/div>\n    <\/div>\n\n    <!-- \u0130LET\u0130\u015e\u0130M -->\n    <div style=\"margin-bottom:0;\">\n        <div style=\"font-weight:bold; margin-bottom:6px;\">\n            \u25b8 <a href=\"https:\/\/demo.falezas.com\/index.php\/iletisim\/\"\n                 style=\"text-decoration:none; color:#000;\">\n                \u0130LET\u0130\u015e\u0130M\n            <\/a>\n        <\/div>\n    <\/div>\n\n<\/div><\/div>\t\t\t\t<\/div>\n\t\t<div class=\"elementor-element elementor-element-ebc29c3 e-con-full e-flex e-con e-child\" data-id=\"ebc29c3\" data-element_type=\"container\">\n\t\t\t\t<div class=\"elementor-element elementor-element-6eb83a0 elementor-widget__width-initial elementor-widget elementor-widget-image\" data-id=\"6eb83a0\" data-element_type=\"widget\" data-widget_type=\"image.default\">\n\t\t\t\t\t\t\t\t\t\t\t\t\t\t\t<img fetchpriority=\"high\" decoding=\"async\" width=\"1247\" height=\"750\" src=\"https:\/\/demo.falezas.com\/wp-content\/uploads\/2025\/11\/front-view-kids-relaxing-blanket-Large-e1763976959766.jpeg\" class=\"attachment-full size-full wp-image-126\" alt=\"\" \/>\t\t\t\t\t\t\t\t\t\t\t\t\t\t\t<\/div>\n\t\t<div class=\"elementor-element elementor-element-a43c742 e-con-full e-flex e-con e-child\" data-id=\"a43c742\" data-element_type=\"container\">\n\t\t\t\t<div class=\"elementor-element elementor-element-cada6d2 elementor-widget elementor-widget-heading\" data-id=\"cada6d2\" data-element_type=\"widget\" data-widget_type=\"heading.default\">\n\t\t\t\t\t<h2 class=\"elementor-heading-title elementor-size-default\">B\u0130LGE \u00c7OCUK PARKI<\/h2>\t\t\t\t<\/div>\n\t\t\t\t<\/div>\n\t\t\t\t<\/div>\n\t\t\t\t<\/div>\n\t\t<div class=\"elementor-element elementor-element-9d336cc e-con-full e-flex e-con e-child\" data-id=\"9d336cc\" data-element_type=\"container\">\n\t\t\t\t<div class=\"elementor-element elementor-element-9098c65 elementor-widget-divider--view-line elementor-widget elementor-widget-divider\" data-id=\"9098c65\" data-element_type=\"widget\" data-widget_type=\"divider.default\">\n\t\t\t\t\t\t\t<div class=\"elementor-divider\">\n\t\t\t<span class=\"elementor-divider-separator\">\n\t\t\t\t\t\t<\/span>\n\t\t<\/div>\n\t\t\t\t\t\t<\/div>\n\t\t\t\t<div class=\"elementor-element elementor-element-5983d64 elementor-widget__width-initial elementor-widget-mobile__width-initial elementor-widget elementor-widget-text-editor\" data-id=\"5983d64\" data-element_type=\"widget\" data-widget_type=\"text-editor.default\">\n\t\t\t\t\t\t\t\t\t<p>\u00c7ayba\u015f\u0131 Post Modern Bilge \u00c7ocuk Park Projesi<\/p><p>Ya\u015fam\u0131 var eden de\u011ferlerden uzakla\u015f\u0131rken, her ge\u00e7en g\u00fcn sanal ve yapay bir d\u00fcnyaya d\u00f6n\u00fc\u015f\u00fcyoruz.<\/p><p>Bunun sonucu olarak anti sosyal, teknoloji ba\u011f\u0131ml\u0131s\u0131, obezitenin a\u011f\u0131na d\u00fc\u015fm\u00fc\u015f \u00e7ocuklar yeti\u015fmekte.\u00a0<\/p><p>Fast food yiyeceklerin yerine sa\u011fl\u0131kl\u0131 ve taze yiyeceklerin yer ald\u0131\u011f\u0131, \u00e7ocuklar\u0131n sosyalle\u015fece\u011fi aralar\u0131ndaki dezavantaj\u0131 ortadan kald\u0131racaklar\u0131, e\u011flenirken \u00f6\u011frenecekleri, kredi kartlar\u0131 ve jetonlar olmadan doyas\u0131ya oynayabilecekleri, post modern bir park do\u011fuyor.<\/p><p>Muratpa\u015fa\u2019n\u0131n g\u00f6be\u011finde \u00e7ocuklar\u0131m\u0131z\u0131n topra\u011fa dokunabilece\u011fi, ekranlara ve makinalara ba\u011f\u0131ml\u0131 olmadan at\u00f6lyelerde \u00fcreterek el becerileri ve \u00f6zg\u00fcvenlerini geli\u015ftirebilecekleri bir park yarat\u0131yoruz.<\/p><p>Antalya\u2019n\u0131n Turun\u00e7 a\u011fa\u00e7lar\u0131 aras\u0131nda portakal\u0131n vitaminini kolaya tercih edecekleri, gece sefalar\u0131n\u0131, full \u00e7i\u00e7eklerinin e\u015fsiz kokusunu hissedebilecekleri, toroslar\u0131n co\u015fkun akan suyunun yedi ar\u0131klar eliyle eski de\u011firmene ula\u015f\u0131p bu\u011fday\u0131 una \u00e7evirdi\u011fi gibi \u00e7ocuklar\u0131m\u0131z\u0131 do\u011faya d\u00f6nd\u00fcrmeyi ama\u00e7l\u0131yoruz.<\/p><p>\u00c7ocuklar\u0131m\u0131z\u0131n kendi d\u00fcnyalar\u0131n\u0131 ke\u015ffedebilece\u011fi, aile ile kaliteli zaman ge\u00e7irebilece\u011fi, benliklerini temizlerken, k\u0131yafetlerini kirletebilecekleri, eski Antalya\u2019n\u0131n de\u011ferlerini \u00f6\u011frenirken Antalya\u2019da \u00e7ocuk olman\u0131n ayr\u0131cal\u0131\u011f\u0131n\u0131 ya\u015fayabilecekleri bir parkt\u0131r Post Modern Bilge Park.<\/p><p>Gelece\u011fe bilge g\u00fcl\u00fcmseyi\u015fler biriktiren \u00e7ocuklar hayal ediyoruz. Bu g\u00fcne gelen b\u00fcy\u00fcklerin d\u00fcnlerinde bir gezinti yapmak istiyoruz.<\/p>\t\t\t\t\t\t\t\t<\/div>\n\t\t\t\t<\/div>\n\t\t\t\t\t<\/div>\n\t\t\t\t<\/div>\n\t\t\t\t<\/div>\n\t\t","protected":false},"excerpt":{"rendered":"<p>B\u0130LGE \u00c7OCUK PARKI \u00c7ayba\u015f\u0131 Post Modern Bilge \u00c7ocuk Park Projesi Ya\u015fam\u0131 var eden de\u011ferlerden uzakla\u015f\u0131rken, her ge\u00e7en g\u00fcn sanal ve yapay bir d\u00fcnyaya d\u00f6n\u00fc\u015f\u00fcyoruz. Bunun sonucu olarak anti sosyal, teknoloji ba\u011f\u0131ml\u0131s\u0131, obezitenin a\u011f\u0131na d\u00fc\u015fm\u00fc\u015f \u00e7ocuklar yeti\u015fmekte.\u00a0 Fast food yiyeceklerin yerine sa\u011fl\u0131kl\u0131 ve taze yiyeceklerin yer ald\u0131\u011f\u0131, \u00e7ocuklar\u0131n sosyalle\u015fece\u011fi aralar\u0131ndaki dezavantaj\u0131 ortadan kald\u0131racaklar\u0131, e\u011flenirken \u00f6\u011frenecekleri, kredi [&hellip;]<\/p>\n","protected":false},"author":1,"featured_media":48,"parent":0,"menu_order":0,"comment_status":"closed","ping_status":"closed","template":"elementor_header_footer","meta":{"footnotes":""},"class_list":["post-417","page","type-page","status-publish","has-post-thumbnail","hentry"],"_links":{"self":[{"href":"https:\/\/demo.falezas.com\/index.php\/wp-json\/wp\/v2\/pages\/417","targetHints":{"allow":["GET"]}}],"collection":[{"href":"https:\/\/demo.falezas.com\/index.php\/wp-json\/wp\/v2\/pages"}],"about":[{"href":"https:\/\/demo.falezas.com\/index.php\/wp-json\/wp\/v2\/types\/page"}],"author":[{"embeddable":true,"href":"https:\/\/demo.falezas.com\/index.php\/wp-json\/wp\/v2\/users\/1"}],"replies":[{"embeddable":true,"href":"https:\/\/demo.falezas.com\/index.php\/wp-json\/wp\/v2\/comments?post=417"}],"version-history":[{"count":58,"href":"https:\/\/demo.falezas.com\/index.php\/wp-json\/wp\/v2\/pages\/417\/revisions"}],"predecessor-version":[{"id":1468,"href":"https:\/\/demo.falezas.com\/index.php\/wp-json\/wp\/v2\/pages\/417\/revisions\/1468"}],"wp:featuredmedia":[{"embeddable":true,"href":"https:\/\/demo.falezas.com\/index.php\/wp-json\/wp\/v2\/media\/48"}],"wp:attachment":[{"href":"https:\/\/demo.falezas.com\/index.php\/wp-json\/wp\/v2\/media?parent=417"}],"curies":[{"name":"wp","href":"https:\/\/api.w.org\/{rel}","templated":true}]}}