{"id":390,"date":"2025-11-25T11:14:34","date_gmt":"2025-11-25T08:14:34","guid":{"rendered":"https:\/\/demo.falezas.com\/?page_id=390"},"modified":"2025-12-09T16:21:31","modified_gmt":"2025-12-09T13:21:31","slug":"komsu-kart-projesi","status":"publish","type":"page","link":"https:\/\/demo.falezas.com\/index.php\/komsu-kart-projesi\/","title":{"rendered":"KOM\u015eU KART PROJES\u0130"},"content":{"rendered":"\t\t<div data-elementor-type=\"wp-page\" data-elementor-id=\"390\" class=\"elementor elementor-390\" data-elementor-post-type=\"page\">\n\t\t\t\t<div class=\"elementor-element elementor-element-76b52626 e-flex e-con-boxed e-con e-parent\" data-id=\"76b52626\" data-element_type=\"container\">\n\t\t\t\t\t<div class=\"e-con-inner\">\n\t\t<div class=\"elementor-element elementor-element-b2d7dbe e-con-full e-flex e-con e-child\" data-id=\"b2d7dbe\" data-element_type=\"container\">\n\t\t\t\t<div class=\"elementor-element elementor-element-26bc025 elementor-hidden-mobile elementor-widget elementor-widget-sidebar\" data-id=\"26bc025\" data-element_type=\"widget\" data-widget_type=\"sidebar.default\">\n\t\t\t\t\t<div class=\"widget\"><div style=\"\n    width:100%;\n    background:#ffffff;\n    padding:20px 28px;\n    border-radius:2px;\n    border-right:1px solid #ddd;\n    border-bottom:0;\n    font-family:Arial, sans-serif;\n    font-size:15px;\n    line-height:1.6;\n    color:#000;\n\">\n\n    <!-- ANASAYFA -->\n    <div style=\"margin-bottom:14px;\">\n        <div style=\"font-weight:bold; margin-bottom:6px;\">\n            \u25b8 <a href=\"https:\/\/demo.falezas.com\/\" style=\"text-decoration:none; color:#000;\">\n                ANASAYFA\n            <\/a>\n        <\/div>\n    <\/div>\n\n    <!-- KURUMSAL -->\n    <div style=\"margin-bottom:14px;\">\n        <div style=\"font-weight:bold; margin-bottom:6px;\">\n            \u25b8 KURUMSAL\n        <\/div>\n\n        <div style=\"margin-left:18px; margin-top:4px;\">\n\n            <div style=\"margin:6px 0;\">\n                <a href=\"https:\/\/demo.falezas.com\/index.php\/baskanin-mesaji\/\"\n                   style=\"color:#000; text-decoration:none; font-size:14px;\">\n                    \u2022 BA\u015eKANIN MESAJI\n                <\/a>\n            <\/div>\n\n            <div style=\"margin:6px 0;\">\n                <a href=\"https:\/\/demo.falezas.com\/index.php\/misyonumuz-ve-vizyonumuz\/\"\n                   style=\"color:#000; text-decoration:none; font-size:14px;\">\n                    \u2022 M\u0130SYONUMUZ, V\u0130ZYONUMUZ\n                <\/a>\n            <\/div>\n\n        <\/div>\n    <\/div>\n\n    <!-- TURLAR -->\n    <div style=\"margin-bottom:14px;\">\n        <div style=\"font-weight:bold; margin-bottom:6px;\">\n            \u25b8 <a href=\"https:\/\/demo.falezas.com\/index.php\/turlar\/\"\n                 style=\"text-decoration:none; color:#000;\">\n                TURLAR\n            <\/a>\n        <\/div>\n    <\/div>\n\n    <!-- H\u0130ZMETLER\u0130M\u0130Z -->\n    <div style=\"margin-bottom:14px;\">\n        <div style=\"font-weight:bold; color:#f28c28;  margin-bottom:6px;\">\n            \u25b8 H\u0130ZMETLER\u0130M\u0130Z\n        <\/div>\n\n        <div style=\"margin-left:18px; margin-top:4px;\">\n\n            <div style=\"margin:6px 0;\">\n                <a href=\"https:\/\/demo.falezas.com\/index.php\/daidai-tur\/\"\n                   style=\"color:#000; text-decoration:none; font-size:14px;\">\n                    \u2022 DA\u0130DA\u0130 TUR\n                <\/a>\n            <\/div>\n\n            <!-- SE\u00c7\u0130L\u0130 OLAN \u2014 KOM\u015eU KART PROJES\u0130 -->\n            <div style=\"margin:6px 0;\">\n                <a href=\"https:\/\/demo.falezas.com\/index.php\/komsu-kart-projesi\/\"\n                   style=\"color:#f28c28; font-weight:bold; text-decoration:none; font-size:14px;\">\n                    \u2022 KOM\u015eU KART PROJES\u0130\n                <\/a>\n            <\/div>\n\n            <div style=\"margin:6px 0;\">\n                <a href=\"https:\/\/demo.falezas.com\/index.php\/bilge-cocuk-parki\/\"\n                   style=\"color:#000; text-decoration:none; font-size:14px;\">\n                    \u2022 B\u0130LGE \u00c7OCUK PARKI\n                <\/a>\n            <\/div>\n\n            <div style=\"margin:6px 0;\">\n                <a href=\"https:\/\/demo.falezas.com\/index.php\/uluslararasi-kaleici-old-town-festivali\/\"\n                   style=\"color:#000; text-decoration:none; font-size:14px;\">\n                    \u2022 ULUSLARARASI KALE\u0130\u00c7\u0130 OLD TOWN FEST\u0130VAL\u0130\n                <\/a>\n            <\/div>\n\n        <\/div>\n    <\/div>\n\n    <!-- FOTO GALER\u0130 -->\n    <div style=\"margin-bottom:14px;\">\n        <div style=\"font-weight:bold; margin-bottom:6px;\">\n            \u25b8 <a href=\"https:\/\/demo.falezas.com\/index.php\/foto-galeri\/\"\n                 style=\"text-decoration:none; color:#000;\">\n                FOTO GALER\u0130\n            <\/a>\n        <\/div>\n    <\/div>\n\n    <!-- \u0130LET\u0130\u015e\u0130M -->\n    <div style=\"margin-bottom:0;\">\n        <div style=\"font-weight:bold; margin-bottom:6px;\">\n            \u25b8 <a href=\"https:\/\/demo.falezas.com\/index.php\/iletisim\/\"\n                 style=\"text-decoration:none; color:#000;\">\n                \u0130LET\u0130\u015e\u0130M\n            <\/a>\n        <\/div>\n    <\/div>\n\n<\/div><\/div>\t\t\t\t<\/div>\n\t\t<div class=\"elementor-element elementor-element-ebc29c3 e-con-full e-flex e-con e-child\" data-id=\"ebc29c3\" data-element_type=\"container\">\n\t\t\t\t<div class=\"elementor-element elementor-element-6eb83a0 elementor-widget__width-initial elementor-widget elementor-widget-image\" data-id=\"6eb83a0\" data-element_type=\"widget\" data-widget_type=\"image.default\">\n\t\t\t\t\t\t\t\t\t\t\t\t\t\t\t<img fetchpriority=\"high\" decoding=\"async\" width=\"1100\" height=\"733\" src=\"https:\/\/demo.falezas.com\/wp-content\/uploads\/2025\/11\/141784014_4257665134250365_2286245974144217614_n-e1763977178852.jpg\" class=\"attachment-full size-full wp-image-159\" alt=\"\" srcset=\"https:\/\/demo.falezas.com\/wp-content\/uploads\/2025\/11\/141784014_4257665134250365_2286245974144217614_n-e1763977178852.jpg 1100w, https:\/\/demo.falezas.com\/wp-content\/uploads\/2025\/11\/141784014_4257665134250365_2286245974144217614_n-e1763977178852-300x200.jpg 300w, https:\/\/demo.falezas.com\/wp-content\/uploads\/2025\/11\/141784014_4257665134250365_2286245974144217614_n-e1763977178852-1024x682.jpg 1024w, https:\/\/demo.falezas.com\/wp-content\/uploads\/2025\/11\/141784014_4257665134250365_2286245974144217614_n-e1763977178852-768x512.jpg 768w\" sizes=\"(max-width: 1100px) 100vw, 1100px\" \/>\t\t\t\t\t\t\t\t\t\t\t\t\t\t\t<\/div>\n\t\t<div class=\"elementor-element elementor-element-a43c742 e-con-full e-flex e-con e-child\" data-id=\"a43c742\" data-element_type=\"container\">\n\t\t\t\t<div class=\"elementor-element elementor-element-cada6d2 elementor-widget elementor-widget-heading\" data-id=\"cada6d2\" data-element_type=\"widget\" data-widget_type=\"heading.default\">\n\t\t\t\t\t<h2 class=\"elementor-heading-title elementor-size-default\">Kom\u015fu Kart Projesi<\/h2>\t\t\t\t<\/div>\n\t\t\t\t<\/div>\n\t\t\t\t<\/div>\n\t\t\t\t<\/div>\n\t\t<div class=\"elementor-element elementor-element-9d336cc e-con-full e-flex e-con e-child\" data-id=\"9d336cc\" data-element_type=\"container\">\n\t\t\t\t<div class=\"elementor-element elementor-element-9098c65 elementor-widget-divider--view-line elementor-widget elementor-widget-divider\" data-id=\"9098c65\" data-element_type=\"widget\" data-widget_type=\"divider.default\">\n\t\t\t\t\t\t\t<div class=\"elementor-divider\">\n\t\t\t<span class=\"elementor-divider-separator\">\n\t\t\t\t\t\t<\/span>\n\t\t<\/div>\n\t\t\t\t\t\t<\/div>\n\t\t\t\t<div class=\"elementor-element elementor-element-5983d64 elementor-widget__width-initial elementor-widget elementor-widget-text-editor\" data-id=\"5983d64\" data-element_type=\"widget\" data-widget_type=\"text-editor.default\">\n\t\t\t\t\t\t\t\t\t<p>Muratpa\u015fa Belediyesi ve Falez A.\u015e. olarak at\u0131k ayr\u0131\u015ft\u0131rmada da yeni bir d\u00f6nem ba\u015flat\u0131yoruz.<\/p><p>Atma biriktir kazanal\u0131m.<\/p><p>\u00c7evreci kom\u015fu kart uygulamas\u0131 ile \u00e7\u00f6p\u00fcn ayr\u0131\u015ft\u0131r\u0131lmas\u0131n\u0131 \u00f6d\u00fcllendiriyor ve k\u00fc\u00e7\u00fck de olsa ev ekonomisine katk\u0131 sa\u011fl\u0131yoruz.<\/p><p>\u00c7evreci kom\u015fu kart\u0131 her hanede evin han\u0131m\u0131n\u0131n ad\u0131na en yak\u0131n zamanda teslim etmeyi planl\u0131yoruz.<\/p><p>Proje ba\u015flang\u0131c\u0131nda Memurevleri mahallesini pilot b\u00f6lge olarak se\u00e7tik ve ilk anla\u015fmam\u0131z\u0131\u00a0 ayn\u0131 b\u00f6lgedeki ofis market ile ger\u00e7ekle\u015ftirdik.<\/p><p>\u00c7evreci kom\u015fu kart ile sadece \u00e7evre g\u00f6n\u00fcll\u00fcs\u00fc de\u011fil \u00f6rnek bir projenin ta\u015f\u0131y\u0131c\u0131s\u0131 olacaks\u0131n\u0131z. Projenin y\u00f6netimini, dan\u0131\u015fmanl\u0131\u011f\u0131n\u0131 ve garant\u00f6rl\u00fc\u011f\u00fcn\u00fc Falez A.\u015e. \u00fcstlenmektedir.<\/p><p>ATMA B\u0130R\u0130KT\u0130R DO\u011eA KAZANSIN, ATMA B\u0130R\u0130KT\u0130R D\u00dcNYA KAZANSIN, ATMA B\u0130R\u0130KT\u0130R \u00dcLKEM\u0130Z KAZANSIN.<\/p>\t\t\t\t\t\t\t\t<\/div>\n\t\t\t\t<\/div>\n\t\t\t\t\t<\/div>\n\t\t\t\t<\/div>\n\t\t\t\t<\/div>\n\t\t","protected":false},"excerpt":{"rendered":"<p>Kom\u015fu Kart Projesi Muratpa\u015fa Belediyesi ve Falez A.\u015e. olarak at\u0131k ayr\u0131\u015ft\u0131rmada da yeni bir d\u00f6nem ba\u015flat\u0131yoruz. Atma biriktir kazanal\u0131m. \u00c7evreci kom\u015fu kart uygulamas\u0131 ile \u00e7\u00f6p\u00fcn ayr\u0131\u015ft\u0131r\u0131lmas\u0131n\u0131 \u00f6d\u00fcllendiriyor ve k\u00fc\u00e7\u00fck de olsa ev ekonomisine katk\u0131 sa\u011fl\u0131yoruz. \u00c7evreci kom\u015fu kart\u0131 her hanede evin han\u0131m\u0131n\u0131n ad\u0131na en yak\u0131n zamanda teslim etmeyi planl\u0131yoruz. Proje ba\u015flang\u0131c\u0131nda Memurevleri mahallesini pilot b\u00f6lge [&hellip;]<\/p>\n","protected":false},"author":1,"featured_media":48,"parent":0,"menu_order":0,"comment_status":"closed","ping_status":"closed","template":"elementor_header_footer","meta":{"footnotes":""},"class_list":["post-390","page","type-page","status-publish","has-post-thumbnail","hentry"],"_links":{"self":[{"href":"https:\/\/demo.falezas.com\/index.php\/wp-json\/wp\/v2\/pages\/390","targetHints":{"allow":["GET"]}}],"collection":[{"href":"https:\/\/demo.falezas.com\/index.php\/wp-json\/wp\/v2\/pages"}],"about":[{"href":"https:\/\/demo.falezas.com\/index.php\/wp-json\/wp\/v2\/types\/page"}],"author":[{"embeddable":true,"href":"https:\/\/demo.falezas.com\/index.php\/wp-json\/wp\/v2\/users\/1"}],"replies":[{"embeddable":true,"href":"https:\/\/demo.falezas.com\/index.php\/wp-json\/wp\/v2\/comments?post=390"}],"version-history":[{"count":79,"href":"https:\/\/demo.falezas.com\/index.php\/wp-json\/wp\/v2\/pages\/390\/revisions"}],"predecessor-version":[{"id":1471,"href":"https:\/\/demo.falezas.com\/index.php\/wp-json\/wp\/v2\/pages\/390\/revisions\/1471"}],"wp:featuredmedia":[{"embeddable":true,"href":"https:\/\/demo.falezas.com\/index.php\/wp-json\/wp\/v2\/media\/48"}],"wp:attachment":[{"href":"https:\/\/demo.falezas.com\/index.php\/wp-json\/wp\/v2\/media?parent=390"}],"curies":[{"name":"wp","href":"https:\/\/api.w.org\/{rel}","templated":true}]}}