{"id":362,"date":"2025-11-25T10:17:52","date_gmt":"2025-11-25T07:17:52","guid":{"rendered":"https:\/\/demo.falezas.com\/?page_id=362"},"modified":"2025-12-09T16:20:57","modified_gmt":"2025-12-09T13:20:57","slug":"daidai-tur","status":"publish","type":"page","link":"https:\/\/demo.falezas.com\/index.php\/daidai-tur\/","title":{"rendered":"DA\u0130DA\u0130 TUR"},"content":{"rendered":"\t\t<div data-elementor-type=\"wp-page\" data-elementor-id=\"362\" class=\"elementor elementor-362\" data-elementor-post-type=\"page\">\n\t\t\t\t<div class=\"elementor-element elementor-element-76b52626 e-flex e-con-boxed e-con e-parent\" data-id=\"76b52626\" data-element_type=\"container\">\n\t\t\t\t\t<div class=\"e-con-inner\">\n\t\t<div class=\"elementor-element elementor-element-b2d7dbe e-con-full e-flex e-con e-child\" data-id=\"b2d7dbe\" data-element_type=\"container\">\n\t\t\t\t<div class=\"elementor-element elementor-element-26bc025 elementor-hidden-mobile elementor-widget elementor-widget-sidebar\" data-id=\"26bc025\" data-element_type=\"widget\" data-widget_type=\"sidebar.default\">\n\t\t\t\t\t<div class=\"widget\"><div style=\"\n    width:100%;\n    background:#ffffff;\n    padding:20px 28px;\n    border-radius:2px;\n    border-right:1px solid #ddd;\n    border-bottom:0;\n    font-family:Arial, sans-serif;\n    font-size:15px;\n    line-height:1.6;\n    color:#000;\n\">\n\n    <!-- ANASAYFA -->\n    <div style=\"margin-bottom:14px;\">\n        <div style=\"font-weight:bold; margin-bottom:6px;\">\n            \u25b8 <a href=\"https:\/\/demo.falezas.com\/\" style=\"text-decoration:none; color:#000;\">\n                ANASAYFA\n            <\/a>\n        <\/div>\n    <\/div>\n\n    <!-- KURUMSAL -->\n    <div style=\"margin-bottom:14px;\">\n        <div style=\"font-weight:bold; margin-bottom:6px;\">\n            \u25b8 KURUMSAL\n        <\/div>\n\n        <div style=\"margin-left:18px; margin-top:4px;\">\n\n            <div style=\"margin:6px 0;\">\n                <a href=\"https:\/\/demo.falezas.com\/index.php\/baskanin-mesaji\/\"\n                   style=\"color:#000; text-decoration:none; font-size:14px;\">\n                    \u2022 BA\u015eKANIN MESAJI\n                <\/a>\n            <\/div>\n\n            <div style=\"margin:6px 0;\">\n                <a href=\"https:\/\/demo.falezas.com\/index.php\/misyonumuz-ve-vizyonumuz\/\"\n                   style=\"color:#000; text-decoration:none; font-size:14px;\">\n                    \u2022 M\u0130SYONUMUZ, V\u0130ZYONUMUZ\n                <\/a>\n            <\/div>\n\n        <\/div>\n    <\/div>\n\n    <!-- TURLAR -->\n    <div style=\"margin-bottom:14px;\">\n        <div style=\"font-weight:bold; margin-bottom:6px;\">\n            \u25b8 <a href=\"https:\/\/demo.falezas.com\/index.php\/turlar\/\"\n                 style=\"text-decoration:none; color:#000;\">\n                TURLAR\n            <\/a>\n        <\/div>\n    <\/div>\n\n    <!-- H\u0130ZMETLER\u0130M\u0130Z -->\n    <div style=\"margin-bottom:14px;\">\n        <div style=\"font-weight:bold; color:#f28c28; margin-bottom:6px;\">\n            \u25b8 H\u0130ZMETLER\u0130M\u0130Z\n        <\/div>\n\n        <div style=\"margin-left:18px; margin-top:4px;\">\n\n            <!-- SE\u00c7\u0130L\u0130 OLAN -->\n            <div style=\"margin:6px 0;\">\n                <a href=\"https:\/\/demo.falezas.com\/index.php\/daidai-tur\/\"\n                   style=\"color:#f28c28; font-weight:bold; text-decoration:none; font-size:14px;\">\n                    \u2022 DA\u0130DA\u0130 TUR\n                <\/a>\n            <\/div>\n\n            <div style=\"margin:6px 0;\">\n                <a href=\"https:\/\/demo.falezas.com\/index.php\/komsu-kart-projesi\/\"\n                   style=\"color:#000; text-decoration:none; font-size:14px;\">\n                    \u2022 KOM\u015eU KART PROJES\u0130\n                <\/a>\n            <\/div>\n\n            <div style=\"margin:6px 0;\">\n                <a href=\"https:\/\/demo.falezas.com\/index.php\/bilge-cocuk-parki\/\"\n                   style=\"color:#000; text-decoration:none; font-size:14px;\">\n                    \u2022 B\u0130LGE \u00c7OCUK PARKI\n                <\/a>\n            <\/div>\n\n            <div style=\"margin:6px 0;\">\n                <a href=\"https:\/\/demo.falezas.com\/index.php\/old-town-festivali\/\"\n                   style=\"color:#000; text-decoration:none; font-size:14px;\">\n                    \u2022 ULUSLARARASI KALE\u0130\u00c7\u0130 OLD TOWN FEST\u0130VAL\u0130\n                <\/a>\n            <\/div>\n\n        <\/div>\n    <\/div>\n\n    <!-- FOTO GALER\u0130 -->\n    <div style=\"margin-bottom:14px;\">\n        <div style=\"font-weight:bold; margin-bottom:6px;\">\n            \u25b8 <a href=\"https:\/\/demo.falezas.com\/index.php\/foto-galeri\/\"\n                 style=\"text-decoration:none; color:#000;\">\n                FOTO GALER\u0130\n            <\/a>\n        <\/div>\n    <\/div>\n\n    <!-- \u0130LET\u0130\u015e\u0130M -->\n    <div style=\"margin-bottom:0;\">\n        <div style=\"font-weight:bold; margin-bottom:6px;\">\n            \u25b8 <a href=\"https:\/\/demo.falezas.com\/index.php\/iletisim\/\"\n                 style=\"text-decoration:none; color:#000;\">\n                \u0130LET\u0130\u015e\u0130M\n            <\/a>\n        <\/div>\n    <\/div>\n\n<\/div><\/div>\t\t\t\t<\/div>\n\t\t<div class=\"elementor-element elementor-element-ebc29c3 e-con-full e-flex e-con e-child\" data-id=\"ebc29c3\" data-element_type=\"container\">\n\t\t\t\t<div class=\"elementor-element elementor-element-6eb83a0 elementor-widget__width-initial elementor-widget elementor-widget-image\" data-id=\"6eb83a0\" data-element_type=\"widget\" data-widget_type=\"image.default\">\n\t\t\t\t\t\t\t\t\t\t\t\t\t\t\t<img fetchpriority=\"high\" decoding=\"async\" width=\"1280\" height=\"717\" src=\"https:\/\/demo.falezas.com\/wp-content\/uploads\/2025\/11\/3d-icon-traveling-vacation-Large.jpeg\" class=\"attachment-full size-full wp-image-366\" alt=\"\" srcset=\"https:\/\/demo.falezas.com\/wp-content\/uploads\/2025\/11\/3d-icon-traveling-vacation-Large.jpeg 1280w, https:\/\/demo.falezas.com\/wp-content\/uploads\/2025\/11\/3d-icon-traveling-vacation-Large-300x168.jpeg 300w, https:\/\/demo.falezas.com\/wp-content\/uploads\/2025\/11\/3d-icon-traveling-vacation-Large-1024x574.jpeg 1024w, https:\/\/demo.falezas.com\/wp-content\/uploads\/2025\/11\/3d-icon-traveling-vacation-Large-768x430.jpeg 768w\" sizes=\"(max-width: 1280px) 100vw, 1280px\" \/>\t\t\t\t\t\t\t\t\t\t\t\t\t\t\t<\/div>\n\t\t<div class=\"elementor-element elementor-element-a43c742 e-con-full e-flex e-con e-child\" data-id=\"a43c742\" data-element_type=\"container\">\n\t\t\t\t<div class=\"elementor-element elementor-element-cada6d2 elementor-widget elementor-widget-heading\" data-id=\"cada6d2\" data-element_type=\"widget\" data-widget_type=\"heading.default\">\n\t\t\t\t\t<h2 class=\"elementor-heading-title elementor-size-default\">DA\u0130DA\u0130 TUR<\/h2>\t\t\t\t<\/div>\n\t\t\t\t<\/div>\n\t\t\t\t<\/div>\n\t\t\t\t<\/div>\n\t\t<div class=\"elementor-element elementor-element-9d336cc e-con-full e-flex e-con e-child\" data-id=\"9d336cc\" data-element_type=\"container\">\n\t\t\t\t<div class=\"elementor-element elementor-element-9098c65 elementor-widget-divider--view-line elementor-widget elementor-widget-divider\" data-id=\"9098c65\" data-element_type=\"widget\" data-widget_type=\"divider.default\">\n\t\t\t\t\t\t\t<div class=\"elementor-divider\">\n\t\t\t<span class=\"elementor-divider-separator\">\n\t\t\t\t\t\t<\/span>\n\t\t<\/div>\n\t\t\t\t\t\t<\/div>\n\t\t\t\t<div class=\"elementor-element elementor-element-759023c elementor-widget elementor-widget-gallery\" data-id=\"759023c\" data-element_type=\"widget\" data-settings=\"{&quot;columns&quot;:2,&quot;gap&quot;:{&quot;unit&quot;:&quot;px&quot;,&quot;size&quot;:15,&quot;sizes&quot;:[]},&quot;aspect_ratio&quot;:&quot;4:3&quot;,&quot;gallery_layout&quot;:&quot;grid&quot;,&quot;columns_tablet&quot;:2,&quot;columns_mobile&quot;:1,&quot;gap_tablet&quot;:{&quot;unit&quot;:&quot;px&quot;,&quot;size&quot;:10,&quot;sizes&quot;:[]},&quot;gap_mobile&quot;:{&quot;unit&quot;:&quot;px&quot;,&quot;size&quot;:10,&quot;sizes&quot;:[]},&quot;link_to&quot;:&quot;file&quot;,&quot;overlay_background&quot;:&quot;yes&quot;}\" data-widget_type=\"gallery.default\">\n\t\t\t\t\t\t\t<div class=\"elementor-gallery__container\">\n\t\t\t\t\t\t\t<a class=\"e-gallery-item elementor-gallery-item\" href=\"https:\/\/demo.falezas.com\/wp-content\/uploads\/2025\/11\/antalya-liman-Large.jpeg\" data-elementor-open-lightbox=\"yes\" data-elementor-lightbox-slideshow=\"759023c\" data-elementor-lightbox-title=\"Antalya Kalei\u00e7i Yat Liman\u0131\" data-e-action-hash=\"#elementor-action%3Aaction%3Dlightbox%26settings%3DeyJpZCI6Mzc4LCJ1cmwiOiJodHRwczpcL1wvZGVtby5mYWxlemFzLmNvbVwvd3AtY29udGVudFwvdXBsb2Fkc1wvMjAyNVwvMTFcL2FudGFseWEtbGltYW4tTGFyZ2UuanBlZyIsInNsaWRlc2hvdyI6Ijc1OTAyM2MifQ%3D%3D\">\n\t\t\t\t\t<div class=\"e-gallery-image elementor-gallery-item__image\" data-thumbnail=\"https:\/\/demo.falezas.com\/wp-content\/uploads\/2025\/11\/antalya-liman-Large.jpeg\" data-width=\"1280\" data-height=\"853\" aria-label=\"\" role=\"img\" ><\/div>\n\t\t\t\t\t\t\t\t\t\t\t<div class=\"elementor-gallery-item__overlay\"><\/div>\n\t\t\t\t\t\t\t\t\t\t\t\t\t\t<\/a>\n\t\t\t\t\t\t\t<a class=\"e-gallery-item elementor-gallery-item\" href=\"https:\/\/demo.falezas.com\/wp-content\/uploads\/2025\/11\/antalya-liman-2-Large.jpeg\" data-elementor-open-lightbox=\"yes\" data-elementor-lightbox-slideshow=\"759023c\" data-elementor-lightbox-title=\"Antalya Kalei\u00e7i Yat Liman\u0131\" data-e-action-hash=\"#elementor-action%3Aaction%3Dlightbox%26settings%3DeyJpZCI6Mzc5LCJ1cmwiOiJodHRwczpcL1wvZGVtby5mYWxlemFzLmNvbVwvd3AtY29udGVudFwvdXBsb2Fkc1wvMjAyNVwvMTFcL2FudGFseWEtbGltYW4tMi1MYXJnZS5qcGVnIiwic2xpZGVzaG93IjoiNzU5MDIzYyJ9\">\n\t\t\t\t\t<div class=\"e-gallery-image elementor-gallery-item__image\" data-thumbnail=\"https:\/\/demo.falezas.com\/wp-content\/uploads\/2025\/11\/antalya-liman-2-Large.jpeg\" data-width=\"1280\" data-height=\"853\" aria-label=\"\" role=\"img\" ><\/div>\n\t\t\t\t\t\t\t\t\t\t\t<div class=\"elementor-gallery-item__overlay\"><\/div>\n\t\t\t\t\t\t\t\t\t\t\t\t\t\t<\/a>\n\t\t\t\t\t<\/div>\n\t\t\t\t\t<\/div>\n\t\t\t\t<div class=\"elementor-element elementor-element-9d57b18 elementor-hidden-desktop elementor-widget-divider--view-line elementor-widget elementor-widget-divider\" data-id=\"9d57b18\" data-element_type=\"widget\" data-widget_type=\"divider.default\">\n\t\t\t\t\t\t\t<div class=\"elementor-divider\">\n\t\t\t<span class=\"elementor-divider-separator\">\n\t\t\t\t\t\t<\/span>\n\t\t<\/div>\n\t\t\t\t\t\t<\/div>\n\t\t\t\t<div class=\"elementor-element elementor-element-5983d64 elementor-widget__width-initial elementor-widget-mobile__width-initial elementor-widget elementor-widget-text-editor\" data-id=\"5983d64\" data-element_type=\"widget\" data-widget_type=\"text-editor.default\">\n\t\t\t\t\t\t\t\t\t<p>Herkes tatil yapabilsin diye dahil olduk bu ser\u00fcvene. G\u00fcn\u00fcbirlik, \u015fehird\u0131\u015f\u0131, yurtd\u0131\u015f\u0131 turlar ile demek istedik ki D\u00fcnya Muratpa\u015fa\u00b4da Muratpa\u015fa\u00b4l\u0131 da heryer de olsun.<\/p><p>Kaliteyi ekonomiye, avantaja \u00e7evirdik.<\/p><p>Hi\u00e7 tatile \u00e7\u0131kmam\u0131\u015f kom\u015fular\u0131m\u0131z\u0131 tatil ile bulu\u015fturduk, g\u00fcven verdik g\u00fcl\u00fcmseme ald\u0131k.<\/p><p>Daha gidecek \u00e7ok yolumuz var.<\/p>\t\t\t\t\t\t\t\t<\/div>\n\t\t\t\t<\/div>\n\t\t\t\t\t<\/div>\n\t\t\t\t<\/div>\n\t\t\t\t<\/div>\n\t\t","protected":false},"excerpt":{"rendered":"<p>DA\u0130DA\u0130 TUR Herkes tatil yapabilsin diye dahil olduk bu ser\u00fcvene. G\u00fcn\u00fcbirlik, \u015fehird\u0131\u015f\u0131, yurtd\u0131\u015f\u0131 turlar ile demek istedik ki D\u00fcnya Muratpa\u015fa\u00b4da Muratpa\u015fa\u00b4l\u0131 da heryer de olsun. Kaliteyi ekonomiye, avantaja \u00e7evirdik. Hi\u00e7 tatile \u00e7\u0131kmam\u0131\u015f kom\u015fular\u0131m\u0131z\u0131 tatil ile bulu\u015fturduk, g\u00fcven verdik g\u00fcl\u00fcmseme ald\u0131k. Daha gidecek \u00e7ok yolumuz var.<\/p>\n","protected":false},"author":1,"featured_media":48,"parent":0,"menu_order":0,"comment_status":"closed","ping_status":"closed","template":"elementor_header_footer","meta":{"footnotes":""},"class_list":["post-362","page","type-page","status-publish","has-post-thumbnail","hentry"],"_links":{"self":[{"href":"https:\/\/demo.falezas.com\/index.php\/wp-json\/wp\/v2\/pages\/362","targetHints":{"allow":["GET"]}}],"collection":[{"href":"https:\/\/demo.falezas.com\/index.php\/wp-json\/wp\/v2\/pages"}],"about":[{"href":"https:\/\/demo.falezas.com\/index.php\/wp-json\/wp\/v2\/types\/page"}],"author":[{"embeddable":true,"href":"https:\/\/demo.falezas.com\/index.php\/wp-json\/wp\/v2\/users\/1"}],"replies":[{"embeddable":true,"href":"https:\/\/demo.falezas.com\/index.php\/wp-json\/wp\/v2\/comments?post=362"}],"version-history":[{"count":91,"href":"https:\/\/demo.falezas.com\/index.php\/wp-json\/wp\/v2\/pages\/362\/revisions"}],"predecessor-version":[{"id":1465,"href":"https:\/\/demo.falezas.com\/index.php\/wp-json\/wp\/v2\/pages\/362\/revisions\/1465"}],"wp:featuredmedia":[{"embeddable":true,"href":"https:\/\/demo.falezas.com\/index.php\/wp-json\/wp\/v2\/media\/48"}],"wp:attachment":[{"href":"https:\/\/demo.falezas.com\/index.php\/wp-json\/wp\/v2\/media?parent=362"}],"curies":[{"name":"wp","href":"https:\/\/api.w.org\/{rel}","templated":true}]}}