{"id":347,"date":"2025-11-25T09:57:43","date_gmt":"2025-11-25T06:57:43","guid":{"rendered":"https:\/\/demo.falezas.com\/?page_id=347"},"modified":"2025-12-09T16:20:19","modified_gmt":"2025-12-09T13:20:19","slug":"turlar","status":"publish","type":"page","link":"https:\/\/demo.falezas.com\/index.php\/turlar\/","title":{"rendered":"Turlar"},"content":{"rendered":"\t\t<div data-elementor-type=\"wp-page\" data-elementor-id=\"347\" class=\"elementor elementor-347\" data-elementor-post-type=\"page\">\n\t\t\t\t<div class=\"elementor-element elementor-element-76b52626 e-flex e-con-boxed e-con e-parent\" data-id=\"76b52626\" data-element_type=\"container\">\n\t\t\t\t\t<div class=\"e-con-inner\">\n\t\t<div class=\"elementor-element elementor-element-b2d7dbe e-con-full e-flex e-con e-child\" data-id=\"b2d7dbe\" data-element_type=\"container\">\n\t\t\t\t<div class=\"elementor-element elementor-element-26bc025 elementor-hidden-mobile elementor-widget elementor-widget-sidebar\" data-id=\"26bc025\" data-element_type=\"widget\" data-widget_type=\"sidebar.default\">\n\t\t\t\t\t<div class=\"widget\"><div style=\"\n    width:100%;\n    background:#ffffff;\n    padding:20px 28px;\n    border-radius:2px;\n    border-right:1px solid #ddd;\n    border-bottom:0;\n    font-family:Arial, sans-serif;\n    font-size:15px;\n    line-height:1.6;\n    color:#000;\n\">\n\n    <!-- ANASAYFA -->\n    <div style=\"margin-bottom:14px;\">\n        <div style=\"font-weight:bold; margin-bottom:6px;\">\n            \u25b8 <a href=\"https:\/\/demo.falezas.com\/\" style=\"text-decoration:none; color:#000;\">\n                ANASAYFA\n            <\/a>\n        <\/div>\n    <\/div>\n\n    <!-- KURUMSAL -->\n    <div style=\"margin-bottom:14px;\">\n        <div style=\"font-weight:bold; margin-bottom:6px;\">\n            \u25b8 KURUMSAL\n        <\/div>\n\n        <div style=\"margin-left:18px; margin-top:4px;\">\n\n            <div style=\"margin:6px 0;\">\n                <a href=\"https:\/\/demo.falezas.com\/index.php\/baskanin-mesaji\/\"\n                   style=\"color:#000; text-decoration:none; font-size:14px;\">\n                    \u2022 BA\u015eKANIN MESAJI\n                <\/a>\n            <\/div>\n\n            <div style=\"margin:6px 0;\">\n                <a href=\"https:\/\/demo.falezas.com\/index.php\/misyonumuz-ve-vizyonumuz\/\"\n                   style=\"color:#000; text-decoration:none; font-size:14px;\">\n                    \u2022 M\u0130SYONUMUZ, V\u0130ZYONUMUZ\n                <\/a>\n            <\/div>\n\n        <\/div>\n    <\/div>\n\n    <!-- TURLAR (SE\u00c7\u0130L\u0130 OLAN) -->\n    <div style=\"margin-bottom:14px;\">\n        <div style=\"font-weight:bold; margin-bottom:6px; color:#f28c28;\">\n            \u25b8 TURLAR\n        <\/div>\n    <\/div>\n\n    <!-- H\u0130ZMETLER\u0130M\u0130Z -->\n    <div style=\"margin-bottom:14px;\">\n        <div style=\"font-weight:bold; margin-bottom:6px;\">\n            \u25b8 H\u0130ZMETLER\u0130M\u0130Z\n        <\/div>\n\n        <div style=\"margin-left:18px; margin-top:4px;\">\n\n            <div style=\"margin:6px 0;\">\n                <a href=\"https:\/\/demo.falezas.com\/index.php\/daidai-tur\/\"\n                   style=\"color:#000; text-decoration:none; font-size:14px;\">\n                    \u2022 DA\u0130DA\u0130 TUR\n                <\/a>\n            <\/div>\n\n            <div style=\"margin:6px 0;\">\n                <a href=\"https:\/\/demo.falezas.com\/index.php\/komsu-kart-projesi\/\"\n                   style=\"color:#000; text-decoration:none; font-size:14px;\">\n                    \u2022 KOM\u015eU KART PROJES\u0130\n                <\/a>\n            <\/div>\n\n            <div style=\"margin:6px 0;\">\n                <a href=\"https:\/\/demo.falezas.com\/index.php\/bilge-cocuk-parki\/\"\n                   style=\"color:#000; text-decoration:none; font-size:14px;\">\n                    \u2022 B\u0130LGE \u00c7OCUK PARKI\n                <\/a>\n            <\/div>\n\n            <div style=\"margin:6px 0;\">\n                <a href=\"https:\/\/demo.falezas.com\/index.php\/old-town-festivali\/\"\n                   style=\"color:#000; text-decoration:none; font-size:14px;\">\n                    \u2022 ULUSLARARASI KALE\u0130\u00c7\u0130 OLD TOWN FEST\u0130VAL\u0130\n                <\/a>\n            <\/div>\n\n        <\/div>\n    <\/div>\n\n    <!-- FOTO GALER\u0130 -->\n    <div style=\"margin-bottom:14px;\">\n        <div style=\"font-weight:bold; margin-bottom:6px;\">\n            \u25b8 <a href=\"https:\/\/demo.falezas.com\/index.php\/foto-galeri\/\"\n                 style=\"text-decoration:none; color:#000;\">\n                FOTO GALER\u0130\n            <\/a>\n        <\/div>\n    <\/div>\n\n    <!-- \u0130LET\u0130\u015e\u0130M -->\n    <div style=\"margin-bottom:0;\">\n        <div style=\"font-weight:bold; margin-bottom:6px;\">\n            \u25b8 <a href=\"https:\/\/demo.falezas.com\/index.php\/iletisim\/\"\n                 style=\"text-decoration:none; color:#000;\">\n                \u0130LET\u0130\u015e\u0130M\n            <\/a>\n        <\/div>\n    <\/div>\n\n<\/div><\/div>\t\t\t\t<\/div>\n\t\t<div class=\"elementor-element elementor-element-ebc29c3 e-con-full e-flex e-con e-child\" data-id=\"ebc29c3\" data-element_type=\"container\">\n\t\t\t\t<div class=\"elementor-element elementor-element-6eb83a0 elementor-widget__width-initial elementor-widget elementor-widget-image\" data-id=\"6eb83a0\" data-element_type=\"widget\" data-widget_type=\"image.default\">\n\t\t\t\t\t\t\t\t\t\t\t\t\t\t\t<img fetchpriority=\"high\" decoding=\"async\" width=\"1280\" height=\"755\" src=\"https:\/\/demo.falezas.com\/wp-content\/uploads\/2025\/11\/famous-landmarks-world-surrounding-planet-earth-Large.jpeg\" class=\"attachment-full size-full wp-image-373\" alt=\"\" srcset=\"https:\/\/demo.falezas.com\/wp-content\/uploads\/2025\/11\/famous-landmarks-world-surrounding-planet-earth-Large.jpeg 1280w, https:\/\/demo.falezas.com\/wp-content\/uploads\/2025\/11\/famous-landmarks-world-surrounding-planet-earth-Large-300x177.jpeg 300w, https:\/\/demo.falezas.com\/wp-content\/uploads\/2025\/11\/famous-landmarks-world-surrounding-planet-earth-Large-1024x604.jpeg 1024w, https:\/\/demo.falezas.com\/wp-content\/uploads\/2025\/11\/famous-landmarks-world-surrounding-planet-earth-Large-768x453.jpeg 768w\" sizes=\"(max-width: 1280px) 100vw, 1280px\" \/>\t\t\t\t\t\t\t\t\t\t\t\t\t\t\t<\/div>\n\t\t<div class=\"elementor-element elementor-element-a43c742 e-con-full e-flex e-con e-child\" data-id=\"a43c742\" data-element_type=\"container\">\n\t\t\t\t<div class=\"elementor-element elementor-element-cada6d2 elementor-widget elementor-widget-heading\" data-id=\"cada6d2\" data-element_type=\"widget\" data-widget_type=\"heading.default\">\n\t\t\t\t\t<h2 class=\"elementor-heading-title elementor-size-default\">G\u00fcncel \/ ge\u00e7mi\u015f turlar<\/h2>\t\t\t\t<\/div>\n\t\t\t\t<\/div>\n\t\t\t\t<\/div>\n\t\t\t\t<\/div>\n\t\t<div class=\"elementor-element elementor-element-9d336cc e-con-full e-flex e-con e-child\" data-id=\"9d336cc\" data-element_type=\"container\">\n\t\t\t\t<div class=\"elementor-element elementor-element-9098c65 elementor-widget-divider--view-line elementor-widget elementor-widget-divider\" data-id=\"9098c65\" data-element_type=\"widget\" data-widget_type=\"divider.default\">\n\t\t\t\t\t\t\t<div class=\"elementor-divider\">\n\t\t\t<span class=\"elementor-divider-separator\">\n\t\t\t\t\t\t<\/span>\n\t\t<\/div>\n\t\t\t\t\t\t<\/div>\n\t\t\t\t<\/div>\n\t\t\t\t\t<\/div>\n\t\t\t\t<\/div>\n\t\t\t\t<\/div>\n\t\t","protected":false},"excerpt":{"rendered":"<p>G\u00fcncel \/ ge\u00e7mi\u015f turlar<\/p>\n","protected":false},"author":1,"featured_media":48,"parent":0,"menu_order":0,"comment_status":"closed","ping_status":"closed","template":"elementor_header_footer","meta":{"footnotes":""},"class_list":["post-347","page","type-page","status-publish","has-post-thumbnail","hentry"],"_links":{"self":[{"href":"https:\/\/demo.falezas.com\/index.php\/wp-json\/wp\/v2\/pages\/347","targetHints":{"allow":["GET"]}}],"collection":[{"href":"https:\/\/demo.falezas.com\/index.php\/wp-json\/wp\/v2\/pages"}],"about":[{"href":"https:\/\/demo.falezas.com\/index.php\/wp-json\/wp\/v2\/types\/page"}],"author":[{"embeddable":true,"href":"https:\/\/demo.falezas.com\/index.php\/wp-json\/wp\/v2\/users\/1"}],"replies":[{"embeddable":true,"href":"https:\/\/demo.falezas.com\/index.php\/wp-json\/wp\/v2\/comments?post=347"}],"version-history":[{"count":76,"href":"https:\/\/demo.falezas.com\/index.php\/wp-json\/wp\/v2\/pages\/347\/revisions"}],"predecessor-version":[{"id":1459,"href":"https:\/\/demo.falezas.com\/index.php\/wp-json\/wp\/v2\/pages\/347\/revisions\/1459"}],"wp:featuredmedia":[{"embeddable":true,"href":"https:\/\/demo.falezas.com\/index.php\/wp-json\/wp\/v2\/media\/48"}],"wp:attachment":[{"href":"https:\/\/demo.falezas.com\/index.php\/wp-json\/wp\/v2\/media?parent=347"}],"curies":[{"name":"wp","href":"https:\/\/api.w.org\/{rel}","templated":true}]}}