{"id":325,"date":"2025-11-24T17:10:56","date_gmt":"2025-11-24T14:10:56","guid":{"rendered":"https:\/\/demo.falezas.com\/?page_id=325"},"modified":"2025-12-09T16:19:22","modified_gmt":"2025-12-09T13:19:22","slug":"misyonumuz-ve-vizyonumuz","status":"publish","type":"page","link":"https:\/\/demo.falezas.com\/index.php\/misyonumuz-ve-vizyonumuz\/","title":{"rendered":"Misyonumuz ve Vizyonumuz"},"content":{"rendered":"\t\t<div data-elementor-type=\"wp-page\" data-elementor-id=\"325\" class=\"elementor elementor-325\" data-elementor-post-type=\"page\">\n\t\t\t\t<div class=\"elementor-element elementor-element-76b52626 e-flex e-con-boxed e-con e-parent\" data-id=\"76b52626\" data-element_type=\"container\">\n\t\t\t\t\t<div class=\"e-con-inner\">\n\t\t<div class=\"elementor-element elementor-element-b2d7dbe e-con-full e-flex e-con e-child\" data-id=\"b2d7dbe\" data-element_type=\"container\">\n\t\t\t\t<div class=\"elementor-element elementor-element-26bc025 elementor-hidden-mobile elementor-widget elementor-widget-sidebar\" data-id=\"26bc025\" data-element_type=\"widget\" data-widget_type=\"sidebar.default\">\n\t\t\t\t\t<div class=\"widget\">\n<pre class=\"wp-block-code\"><code><\/code><\/pre>\n<\/div><div class=\"widget\"><div style=\"\n    width:100%;\n    background:#ffffff;\n    padding:20px 28px;\n    border-radius:2px;\n    border-right:1px solid #ddd;\n    border-bottom:0;\n    font-family:Arial, sans-serif;\n    font-size:15px;\n    line-height:1.6;\n    color:#000;\n\">\n\n    <!-- ANASAYFA (D\u00fczeltilmi\u015f) -->\n    <div style=\"margin-bottom:14px;\">\n        <div style=\"font-weight:bold; margin-bottom:6px;\">\n            \u25b8 <a href=\"https:\/\/demo.falezas.com\/\"\n                 style=\"text-decoration:none; color:#000;\">\n                ANASAYFA\n            <\/a>\n        <\/div>\n    <\/div>\n\n    <!-- KURUMSAL (SE\u00c7\u0130L\u0130) -->\n    <div style=\"margin-bottom:14px;\">\n        <div style=\"font-weight:bold; margin-bottom:6px; color:#f28c28;\">\n            \u25b8 KURUMSAL\n        <\/div>\n\n        <div style=\"margin-left:18px; margin-top:4px;\">\n\n            <!-- BA\u015eKANIN MESAJI (normal) -->\n            <div style=\"margin:6px 0;\">\n                <a href=\"https:\/\/demo.falezas.com\/index.php\/baskanin-mesaji\/\"\n                   style=\"color:#000; text-decoration:none; font-size:14px;\">\n                    \u2022 BA\u015eKANIN MESAJI\n                <\/a>\n            <\/div>\n\n            <!-- M\u0130SYONUMUZ \u2013 SE\u00c7\u0130L\u0130 -->\n            <div style=\"margin:6px 0;\">\n                <a href=\"https:\/\/demo.falezas.com\/index.php\/misyonumuz-ve-vizyonumuz\/\"\n                   style=\"color:#f28c28; font-weight:bold; text-decoration:none; font-size:14px;\">\n                    \u2022 M\u0130SYONUMUZ, V\u0130ZYONUMUZ\n                <\/a>\n            <\/div>\n\n        <\/div>\n    <\/div>\n\n    <!-- TURLAR -->\n    <div style=\"margin-bottom:14px;\">\n        <div style=\"font-weight:bold; margin-bottom:6px;\">\n        \u25b8 <a href=\"https:\/\/demo.falezas.com\/index.php\/turlar\/\"\n             style=\"text-decoration:none; color:#000;\">\n            TURLAR\n        <\/a>\n        <\/div>\n    <\/div>\n\n    <!-- H\u0130ZMETLER\u0130M\u0130Z + ALT MEN\u00dcLER (EKLEND\u0130) -->\n    <div style=\"margin-bottom:14px;\">\n        <div style=\"font-weight:bold; margin-bottom:6px;\">\n            \u25b8 H\u0130ZMETLER\u0130M\u0130Z\n        <\/div>\n\n        <div style=\"margin-left:18px; margin-top:4px;\">\n\n            <div style=\"margin:6px 0;\">\n                <a href=\"https:\/\/demo.falezas.com\/index.php\/daidai-tur\/\"\n                   style=\"color:#000; text-decoration:none; font-size:14px;\">\n                    \u2022 DA\u0130DA\u0130 TUR\n                <\/a>\n            <\/div>\n\n            <div style=\"margin:6px 0;\">\n                <a href=\"https:\/\/demo.falezas.com\/index.php\/komsu-kart-projesi\/\"\n                   style=\"color:#000; text-decoration:none; font-size:14px;\">\n                    \u2022 KOM\u015eU KART PROJES\u0130\n                <\/a>\n            <\/div>\n\n            <div style=\"margin:6px 0;\">\n                <a href=\"https:\/\/demo.falezas.com\/index.php\/bilge-cocuk-parki\/\"\n                   style=\"color:#000; text-decoration:none; font-size:14px;\">\n                    \u2022 B\u0130LGE \u00c7OCUK PARKI\n                <\/a>\n            <\/div>\n\n            <div style=\"margin:6px 0;\">\n                <a href=\"https:\/\/demo.falezas.com\/index.php\/uluslararasi-kaleici-old-town-festivali\/\"\n                   style=\"color:#000; text-decoration:none; font-size:14px;\">\n                    \u2022 ULUSLARARASI KALE\u0130\u00c7\u0130 OLD TOWN FEST\u0130VAL\u0130\n                <\/a>\n            <\/div>\n\n        <\/div>\n    <\/div>\n\n    <!-- FOTO GALER\u0130 -->\n    <div style=\"margin-bottom:14px;\">\n        <div style=\"font-weight:bold; margin-bottom:6px;\">\n            \u25b8 <a href=\"https:\/\/demo.falezas.com\/index.php\/foto-galeri\/\"\n                 style=\"text-decoration:none; color:#000;\">\n                FOTO GALER\u0130\n            <\/a>\n        <\/div>\n    <\/div>\n\n    <!-- \u0130LET\u0130\u015e\u0130M -->\n    <div style=\"margin-bottom:0;\">\n        <div style=\"font-weight:bold; margin-bottom:6px;\">\n            \u25b8 <a href=\"https:\/\/demo.falezas.com\/index.php\/iletisim\/\"\n                 style=\"text-decoration:none; color:#000;\">\n                \u0130LET\u0130\u015e\u0130M\n            <\/a>\n        <\/div>\n    <\/div>\n<\/div><\/div>\t\t\t\t<\/div>\n\t\t<div class=\"elementor-element elementor-element-ebc29c3 e-con-full e-flex e-con e-child\" data-id=\"ebc29c3\" data-element_type=\"container\">\n\t\t\t\t<div class=\"elementor-element elementor-element-6eb83a0 elementor-widget__width-initial elementor-widget-mobile__width-initial elementor-widget elementor-widget-image\" data-id=\"6eb83a0\" data-element_type=\"widget\" data-widget_type=\"image.default\">\n\t\t\t\t\t\t\t\t\t\t\t\t\t\t\t<img fetchpriority=\"high\" decoding=\"async\" width=\"740\" height=\"493\" src=\"https:\/\/demo.falezas.com\/wp-content\/uploads\/2025\/11\/happy-child-enjoying-sun-outdoor-green-field_411285-2135.jpg\" class=\"attachment-full size-full wp-image-327\" alt=\"\" srcset=\"https:\/\/demo.falezas.com\/wp-content\/uploads\/2025\/11\/happy-child-enjoying-sun-outdoor-green-field_411285-2135.jpg 740w, https:\/\/demo.falezas.com\/wp-content\/uploads\/2025\/11\/happy-child-enjoying-sun-outdoor-green-field_411285-2135-300x200.jpg 300w\" sizes=\"(max-width: 740px) 100vw, 740px\" \/>\t\t\t\t\t\t\t\t\t\t\t\t\t\t\t<\/div>\n\t\t<div class=\"elementor-element elementor-element-a43c742 e-con-full e-flex e-con e-child\" data-id=\"a43c742\" data-element_type=\"container\">\n\t\t\t\t<div class=\"elementor-element elementor-element-cada6d2 elementor-widget elementor-widget-heading\" data-id=\"cada6d2\" data-element_type=\"widget\" data-widget_type=\"heading.default\">\n\t\t\t\t\t<h2 class=\"elementor-heading-title elementor-size-default\">Misyonumuz, Vizyonumuz<\/h2>\t\t\t\t<\/div>\n\t\t\t\t<\/div>\n\t\t\t\t<\/div>\n\t\t\t\t<\/div>\n\t\t<div class=\"elementor-element elementor-element-9d336cc e-con-full e-flex e-con e-child\" data-id=\"9d336cc\" data-element_type=\"container\">\n\t\t\t\t<div class=\"elementor-element elementor-element-9098c65 elementor-widget-divider--view-line elementor-widget elementor-widget-divider\" data-id=\"9098c65\" data-element_type=\"widget\" data-widget_type=\"divider.default\">\n\t\t\t\t\t\t\t<div class=\"elementor-divider\">\n\t\t\t<span class=\"elementor-divider-separator\">\n\t\t\t\t\t\t<\/span>\n\t\t<\/div>\n\t\t\t\t\t\t<\/div>\n\t\t\t\t<div class=\"elementor-element elementor-element-5983d64 elementor-widget__width-initial elementor-widget-mobile__width-initial elementor-widget elementor-widget-text-editor\" data-id=\"5983d64\" data-element_type=\"widget\" data-widget_type=\"text-editor.default\">\n\t\t\t\t\t\t\t\t\t<p style=\"font-weight: 400;\"><b><strong>M\u0130SYONUMUZ<\/strong><\/b><\/p><p style=\"font-weight: 400;\">\u00d6nce do\u011fa \u00f6nce insan \u00f6nce muratpa\u015fa slogan\u0131yla yola \u00e7\u0131kan \u015firketimiz Muratpa\u015fa belediyesinin yerel \u00e7al\u0131\u015fmalar\u0131 ve \u00e7\u00f6z\u00fcmleri konusun da \u00e7\u00f6z\u00fcm \u00fcretme arac\u0131 olabilmek, belediye hizmet esasl\u0131 \u00e7al\u0131\u015fmalar\u0131nda yerel bir i\u015fletme olarak g\u00fc\u00e7lenerek anonim \u015firketi olarak kazan\u0131lan g\u00fcc\u00fcn halk yarar\u0131na kullan\u0131lmas\u0131n\u0131 kendine misyon olarak belirlemi\u015ftir.<\/p><p style=\"font-weight: 400;\"><b><strong>V\u0130ZYONUMUZ<\/strong><\/b><\/p><p style=\"font-weight: 400;\">\u00c7evreyi do\u011fay\u0131 insan\u0131 \u00f6n plana al\u0131p g\u00fcl\u00fcmseyen do\u011fa, g\u00fcl\u00fcmseyen insan esasl\u0131\u00a0 \u00e7al\u0131\u015fmak.\u00a0<\/p><p style=\"font-weight: 400;\"><b><strong>KAL\u0130TE POL\u0130T\u0130KASI<\/strong><\/b><\/p><p style=\"font-weight: 400;\">En iyiyi en uyguna, en g\u00fcvenli \u015fekilde en rahat ula\u015f\u0131l\u0131r\u00a0 dururum da kar\u0131n de\u011fil mutlulu\u011fun kazan\u00e7 say\u0131ld\u0131\u011f\u0131 bir\u00a0 \u015firket olabilmek.<\/p>\t\t\t\t\t\t\t\t<\/div>\n\t\t\t\t<\/div>\n\t\t\t\t\t<\/div>\n\t\t\t\t<\/div>\n\t\t\t\t<\/div>\n\t\t","protected":false},"excerpt":{"rendered":"<p>Misyonumuz, Vizyonumuz M\u0130SYONUMUZ \u00d6nce do\u011fa \u00f6nce insan \u00f6nce muratpa\u015fa slogan\u0131yla yola \u00e7\u0131kan \u015firketimiz Muratpa\u015fa belediyesinin yerel \u00e7al\u0131\u015fmalar\u0131 ve \u00e7\u00f6z\u00fcmleri konusun da \u00e7\u00f6z\u00fcm \u00fcretme arac\u0131 olabilmek, belediye hizmet esasl\u0131 \u00e7al\u0131\u015fmalar\u0131nda yerel bir i\u015fletme olarak g\u00fc\u00e7lenerek anonim \u015firketi olarak kazan\u0131lan g\u00fcc\u00fcn halk yarar\u0131na kullan\u0131lmas\u0131n\u0131 kendine misyon olarak belirlemi\u015ftir. V\u0130ZYONUMUZ \u00c7evreyi do\u011fay\u0131 insan\u0131 \u00f6n plana al\u0131p g\u00fcl\u00fcmseyen do\u011fa, [&hellip;]<\/p>\n","protected":false},"author":1,"featured_media":48,"parent":0,"menu_order":0,"comment_status":"closed","ping_status":"closed","template":"elementor_header_footer","meta":{"footnotes":""},"class_list":["post-325","page","type-page","status-publish","has-post-thumbnail","hentry"],"_links":{"self":[{"href":"https:\/\/demo.falezas.com\/index.php\/wp-json\/wp\/v2\/pages\/325","targetHints":{"allow":["GET"]}}],"collection":[{"href":"https:\/\/demo.falezas.com\/index.php\/wp-json\/wp\/v2\/pages"}],"about":[{"href":"https:\/\/demo.falezas.com\/index.php\/wp-json\/wp\/v2\/types\/page"}],"author":[{"embeddable":true,"href":"https:\/\/demo.falezas.com\/index.php\/wp-json\/wp\/v2\/users\/1"}],"replies":[{"embeddable":true,"href":"https:\/\/demo.falezas.com\/index.php\/wp-json\/wp\/v2\/comments?post=325"}],"version-history":[{"count":109,"href":"https:\/\/demo.falezas.com\/index.php\/wp-json\/wp\/v2\/pages\/325\/revisions"}],"predecessor-version":[{"id":1456,"href":"https:\/\/demo.falezas.com\/index.php\/wp-json\/wp\/v2\/pages\/325\/revisions\/1456"}],"wp:featuredmedia":[{"embeddable":true,"href":"https:\/\/demo.falezas.com\/index.php\/wp-json\/wp\/v2\/media\/48"}],"wp:attachment":[{"href":"https:\/\/demo.falezas.com\/index.php\/wp-json\/wp\/v2\/media?parent=325"}],"curies":[{"name":"wp","href":"https:\/\/api.w.org\/{rel}","templated":true}]}}