{"id":281,"date":"2025-11-24T15:21:59","date_gmt":"2025-11-24T12:21:59","guid":{"rendered":"https:\/\/demo.falezas.com\/?page_id=281"},"modified":"2025-12-09T16:19:03","modified_gmt":"2025-12-09T13:19:03","slug":"baskanin-mesaji","status":"publish","type":"page","link":"https:\/\/demo.falezas.com\/index.php\/baskanin-mesaji\/","title":{"rendered":"Ba\u015fkan\u0131n Mesaj\u0131"},"content":{"rendered":"\t\t<div data-elementor-type=\"wp-page\" data-elementor-id=\"281\" class=\"elementor elementor-281\" data-elementor-post-type=\"page\">\n\t\t\t\t<div class=\"elementor-element elementor-element-76b52626 e-flex e-con-boxed e-con e-parent\" data-id=\"76b52626\" data-element_type=\"container\">\n\t\t\t\t\t<div class=\"e-con-inner\">\n\t\t<div class=\"elementor-element elementor-element-b2d7dbe e-con-full e-flex e-con e-child\" data-id=\"b2d7dbe\" data-element_type=\"container\">\n\t\t\t\t<div class=\"elementor-element elementor-element-26bc025 elementor-hidden-mobile elementor-widget elementor-widget-sidebar\" data-id=\"26bc025\" data-element_type=\"widget\" data-widget_type=\"sidebar.default\">\n\t\t\t\t\t<div class=\"widget\"><div style=\"\n    width:100%;\n    background:#ffffff;\n    padding:20px 28px;\n    border-radius:2px;\n    border-right:1px solid #ddd;\n    border-bottom:0;\n    font-family:Arial, sans-serif;\n    font-size:15px;\n    line-height:1.6;\n    color:#000;\n\">\n\n    <!-- ANASAYFA (D\u00fczeltilmi\u015f) -->\n    <div style=\"margin-bottom:14px;\">\n        <div style=\"font-weight:bold; margin-bottom:6px;\">\n            \u25b8 <a href=\"https:\/\/demo.falezas.com\/\"\n                 style=\"text-decoration:none; color:#000;\">\n                ANASAYFA\n            <\/a>\n        <\/div>\n    <\/div>\n\n    <!-- KURUMSAL (SE\u00c7\u0130L\u0130) -->\n    <div style=\"margin-bottom:14px;\">\n        <div style=\"font-weight:bold; margin-bottom:6px; color:#f28c28;\">\n            \u25b8 KURUMSAL\n        <\/div>\n\n        <div style=\"margin-left:18px; margin-top:4px;\">\n\n            <!-- BA\u015eKANIN MESAJI \u2013 SE\u00c7\u0130L\u0130 -->\n            <div style=\"margin:6px 0;\">\n                <a href=\"https:\/\/demo.falezas.com\/index.php\/baskanin-mesaji\/\"\n                   style=\"color:#f28c28; font-weight:bold; text-decoration:none; font-size:14px;\">\n                    \u2022 BA\u015eKANIN MESAJI\n                <\/a>\n            <\/div>\n\n            <!-- M\u0130SYONUMUZ \u2013 NORMAL -->\n            <div style=\"margin:6px 0;\">\n                <a href=\"https:\/\/demo.falezas.com\/index.php\/misyonumuz-ve-vizyonumuz\/\"\n                   style=\"color:#000; text-decoration:none; font-size:14px;\">\n                    \u2022 M\u0130SYONUMUZ, V\u0130ZYONUMUZ\n                <\/a>\n            <\/div>\n\n        <\/div>\n    <\/div>\n\n    <div style=\"margin-bottom:14px;\">\n        <div style=\"font-weight:bold; margin-bottom:6px;\">\n            \u25b8 <a href=\"https:\/\/demo.falezas.com\/index.php\/turlar\/\"\n                 style=\"text-decoration:none; color:#000;\">\n                TURLAR\n            <\/a>\n        <\/div>\n    <\/div>\n\n    <!-- H\u0130ZMETLER\u0130M\u0130Z + ALT MEN\u00dcLER -->\n    <div style=\"margin-bottom:14px;\">\n        <div style=\"font-weight:bold; margin-bottom:6px;\">\n            \u25b8 H\u0130ZMETLER\u0130M\u0130Z\n        <\/div>\n\n        <div style=\"margin-left:18px; margin-top:4px;\">\n\n            <div style=\"margin:6px 0;\">\n                <a href=\"https:\/\/demo.falezas.com\/index.php\/daidai-tur\/\"\n                   style=\"color:#000; text-decoration:none; font-size:14px;\">\n                    \u2022 DA\u0130DA\u0130 TUR\n                <\/a>\n            <\/div>\n\n            <div style=\"margin:6px 0;\">\n                <a href=\"https:\/\/demo.falezas.com\/index.php\/komsu-kart-projesi\/\"\n                   style=\"color:#000; text-decoration:none; font-size:14px;\">\n                    \u2022 KOM\u015eU KART PROJES\u0130\n                <\/a>\n            <\/div>\n\n            <div style=\"margin:6px 0;\">\n                <a href=\"https:\/\/demo.falezas.com\/index.php\/bilge-cocuk-parki\/\"\n                   style=\"color:#000; text-decoration:none; font-size:14px;\">\n                    \u2022 B\u0130LGE \u00c7OCUK PARKI\n                <\/a>\n            <\/div>\n\n            <div style=\"margin:6px 0;\">\n                <a href=\"https:\/\/demo.falezas.com\/index.php\/uluslararasi-kaleici-old-town-festivali\/\"\n                   style=\"color:#000; text-decoration:none; font-size:14px;\">\n                    \u2022 ULUSLARARASI KALE\u0130\u00c7\u0130 OLD TOWN FEST\u0130VAL\u0130\n                <\/a>\n            <\/div>\n\n        <\/div>\n    <\/div>\n\n    <!-- FOTO GALER\u0130 -->\n    <div style=\"margin-bottom:14px;\">\n        <div style=\"font-weight:bold; margin-bottom:6px;\">\n            \u25b8 <a href=\"https:\/\/demo.falezas.com\/index.php\/foto-galeri\/\"\n                 style=\"text-decoration:none; color:#000;\">\n                FOTO GALER\u0130\n            <\/a>\n        <\/div>\n    <\/div>\n\n    <!-- \u0130LET\u0130\u015e\u0130M -->\n    <div style=\"margin-bottom:0;\">\n        <div style=\"font-weight:bold; margin-bottom:6px;\">\n            \u25b8 <a href=\"https:\/\/demo.falezas.com\/index.php\/iletisim\/\"\n                 style=\"text-decoration:none; color:#000;\">\n                \u0130LET\u0130\u015e\u0130M\n            <\/a>\n        <\/div>\n    <\/div>\n\n<\/div><\/div>\t\t\t\t<\/div>\n\t\t<div class=\"elementor-element elementor-element-ebc29c3 e-con-full e-flex e-con e-child\" data-id=\"ebc29c3\" data-element_type=\"container\">\n\t\t\t\t<div class=\"elementor-element elementor-element-6eb83a0 elementor-widget__width-initial elementor-widget-mobile__width-initial elementor-widget elementor-widget-image\" data-id=\"6eb83a0\" data-element_type=\"widget\" data-widget_type=\"image.default\">\n\t\t\t\t\t\t\t\t\t\t\t\t\t\t\t<img fetchpriority=\"high\" decoding=\"async\" width=\"1152\" height=\"768\" src=\"https:\/\/demo.falezas.com\/wp-content\/uploads\/2025\/11\/113268117_1753489724886252_4033714677875924020_o.jpg\" class=\"attachment-full size-full wp-image-244\" alt=\"\" srcset=\"https:\/\/demo.falezas.com\/wp-content\/uploads\/2025\/11\/113268117_1753489724886252_4033714677875924020_o.jpg 1152w, https:\/\/demo.falezas.com\/wp-content\/uploads\/2025\/11\/113268117_1753489724886252_4033714677875924020_o-300x200.jpg 300w, https:\/\/demo.falezas.com\/wp-content\/uploads\/2025\/11\/113268117_1753489724886252_4033714677875924020_o-1024x683.jpg 1024w, https:\/\/demo.falezas.com\/wp-content\/uploads\/2025\/11\/113268117_1753489724886252_4033714677875924020_o-768x512.jpg 768w\" sizes=\"(max-width: 1152px) 100vw, 1152px\" \/>\t\t\t\t\t\t\t\t\t\t\t\t\t\t\t<\/div>\n\t\t<div class=\"elementor-element elementor-element-a43c742 e-con-full e-flex e-con e-child\" data-id=\"a43c742\" data-element_type=\"container\">\n\t\t\t\t<div class=\"elementor-element elementor-element-502b8d8 elementor-widget elementor-widget-heading\" data-id=\"502b8d8\" data-element_type=\"widget\" data-widget_type=\"heading.default\">\n\t\t\t\t\t<h1 class=\"elementor-heading-title elementor-size-default\">Ba\u015fkan\u0131n Mesaj\u0131...<\/h1>\t\t\t\t<\/div>\n\t\t\t\t<div class=\"elementor-element elementor-element-cada6d2 elementor-widget elementor-widget-heading\" data-id=\"cada6d2\" data-element_type=\"widget\" data-widget_type=\"heading.default\">\n\t\t\t\t\t<h2 class=\"elementor-heading-title elementor-size-default\">\u00d6NCE \u0130NSAN, \u00d6NCE DO\u011eA<\/h2>\t\t\t\t<\/div>\n\t\t\t\t<\/div>\n\t\t\t\t<\/div>\n\t\t\t\t<\/div>\n\t\t<div class=\"elementor-element elementor-element-9d336cc e-con-full e-flex e-con e-child\" data-id=\"9d336cc\" data-element_type=\"container\">\n\t\t\t\t<div class=\"elementor-element elementor-element-9098c65 elementor-widget-divider--view-line elementor-widget elementor-widget-divider\" data-id=\"9098c65\" data-element_type=\"widget\" data-widget_type=\"divider.default\">\n\t\t\t\t\t\t\t<div class=\"elementor-divider\">\n\t\t\t<span class=\"elementor-divider-separator\">\n\t\t\t\t\t\t<\/span>\n\t\t<\/div>\n\t\t\t\t\t\t<\/div>\n\t\t\t\t<div class=\"elementor-element elementor-element-5983d64 elementor-widget elementor-widget-text-editor\" data-id=\"5983d64\" data-element_type=\"widget\" data-widget_type=\"text-editor.default\">\n\t\t\t\t\t\t\t\t\t<p>Yerel y\u00f6netimler;\u00a0<\/p><p>demokrasinin ye\u015ferdi\u011fi,\u00a0<\/p><p>kent gelece\u011finin kurguland\u0131\u011f\u0131,\u00a0<\/p><p>insan ya\u015fam standart\u0131n\u0131n y\u00fckseltilmesi i\u00e7in \u00e7al\u0131\u015fan en \u00f6nemli yap\u0131d\u0131r.\u00a0<\/p><p>Yerel y\u00f6netimlerde; hizmet \u00fcretiminin verimli hale getirilmesi ve kentin her noktas\u0131na\u00a0<\/p><p>e\u015fit oranda sunulmas\u0131n\u0131n temel ko\u015fulu; kurumsal sa\u011fl\u0131kl\u0131 yap\u0131lanma ve do\u011fru\u00a0<\/p><p>planlamad\u0131r.<\/p><p>Hizmetleri h\u0131zl\u0131, etkin, yeterli oranda, zaman\u0131nda, \u00f6zkaynaklar\u0131n\u0131 verimli kullanarak\u00a0<\/p><p>sunan,\u00a0<\/p><p>toplumsal ve kentsel geli\u015fmeleri do\u011fru analiz edip gereksinimleri an\u0131nda kar\u015f\u0131layan,<\/p><p>kat\u0131l\u0131mc\u0131, \u015feffaf, \u00f6z denetime olanak tan\u0131yan,\u00a0<\/p><p>her anlamda kendisini s\u00fcrekli yenileyip, geli\u015ftiren,<\/p><p>gelecekte ya\u015fanmas\u0131 olas\u0131 sorunlara kar\u015f\u0131 \u00e7\u00f6z\u00fcm politikalar\u0131 \u00fcreten,\u00a0<\/p><p>y\u00f6netim erkini sadece ve sadece kamu yarar\u0131 i\u00e7in kullanan,<\/p><p>kentin gelece\u011fini, Muratpa\u015fa ya\u015fayanlar\u0131n\u0131n beklentileri ve do\u011fru kent-hizmet\u00a0<\/p><p>planlamas\u0131 ile halkla birlikte kurgulayan,<\/p><p>stratejik y\u00f6netim anlay\u0131\u015f\u0131na sahip Muratpa\u015fa Belediyesi ana hedefimizdir.\u00a0<\/p><p>\u00d6nderimiz Gazi Mustafa Kemal Atat\u00fcrk\u2019\u00fcn \u2018Hi\u00e7 \u015f\u00fcphesiz ki d\u00fcnyan\u0131n en g\u00fczel\u00a0<\/p><p>yeridir\u2019 dedi\u011fi Antalyam\u0131z\u2019\u0131n en g\u00fczel il\u00e7esi Muratpa\u015fa\u2019y\u0131 56 mahallesi ve ya\u015fayanlar\u0131\u00a0<\/p><p>ile birlikte sadece \u00fclkemizin de\u011fil d\u00fcnyan\u0131n say\u0131l\u0131, imrenilen ya\u015fam alanlar\u0131 aras\u0131nda\u00a0<\/p><p>ilk s\u0131ralara ta\u015f\u0131yaca\u011f\u0131z.\u00a0<\/p><p>\u0130l\u00e7emiz Muratpa\u015fa\u2019y\u0131;<\/p><p>siz de\u011ferli yurtta\u015flar\u0131m\u0131z\u0131n g\u00f6r\u00fc\u015f, \u00f6neri ve fikirlerini alarak \u2018Birlikte Y\u00f6netece\u011fiz\u2019<\/p><p>Sevgilerimle\u2026<\/p>\t\t\t\t\t\t\t\t<\/div>\n\t\t\t\t<\/div>\n\t\t\t\t\t<\/div>\n\t\t\t\t<\/div>\n\t\t\t\t<\/div>\n\t\t","protected":false},"excerpt":{"rendered":"<p>Ba\u015fkan\u0131n Mesaj\u0131&#8230; \u00d6NCE \u0130NSAN, \u00d6NCE DO\u011eA Yerel y\u00f6netimler;\u00a0 demokrasinin ye\u015ferdi\u011fi,\u00a0 kent gelece\u011finin kurguland\u0131\u011f\u0131,\u00a0 insan ya\u015fam standart\u0131n\u0131n y\u00fckseltilmesi i\u00e7in \u00e7al\u0131\u015fan en \u00f6nemli yap\u0131d\u0131r.\u00a0 Yerel y\u00f6netimlerde; hizmet \u00fcretiminin verimli hale getirilmesi ve kentin her noktas\u0131na\u00a0 e\u015fit oranda sunulmas\u0131n\u0131n temel ko\u015fulu; kurumsal sa\u011fl\u0131kl\u0131 yap\u0131lanma ve do\u011fru\u00a0 planlamad\u0131r. Hizmetleri h\u0131zl\u0131, etkin, yeterli oranda, zaman\u0131nda, \u00f6zkaynaklar\u0131n\u0131 verimli kullanarak\u00a0 sunan,\u00a0 toplumsal [&hellip;]<\/p>\n","protected":false},"author":1,"featured_media":48,"parent":0,"menu_order":0,"comment_status":"closed","ping_status":"closed","template":"elementor_header_footer","meta":{"footnotes":""},"class_list":["post-281","page","type-page","status-publish","has-post-thumbnail","hentry"],"_links":{"self":[{"href":"https:\/\/demo.falezas.com\/index.php\/wp-json\/wp\/v2\/pages\/281","targetHints":{"allow":["GET"]}}],"collection":[{"href":"https:\/\/demo.falezas.com\/index.php\/wp-json\/wp\/v2\/pages"}],"about":[{"href":"https:\/\/demo.falezas.com\/index.php\/wp-json\/wp\/v2\/types\/page"}],"author":[{"embeddable":true,"href":"https:\/\/demo.falezas.com\/index.php\/wp-json\/wp\/v2\/users\/1"}],"replies":[{"embeddable":true,"href":"https:\/\/demo.falezas.com\/index.php\/wp-json\/wp\/v2\/comments?post=281"}],"version-history":[{"count":132,"href":"https:\/\/demo.falezas.com\/index.php\/wp-json\/wp\/v2\/pages\/281\/revisions"}],"predecessor-version":[{"id":1453,"href":"https:\/\/demo.falezas.com\/index.php\/wp-json\/wp\/v2\/pages\/281\/revisions\/1453"}],"wp:featuredmedia":[{"embeddable":true,"href":"https:\/\/demo.falezas.com\/index.php\/wp-json\/wp\/v2\/media\/48"}],"wp:attachment":[{"href":"https:\/\/demo.falezas.com\/index.php\/wp-json\/wp\/v2\/media?parent=281"}],"curies":[{"name":"wp","href":"https:\/\/api.w.org\/{rel}","templated":true}]}}